{"id":13854,"date":"2025-01-15T12:11:12","date_gmt":"2025-01-15T11:11:12","guid":{"rendered":"https:\/\/bikersdays.com\/fast-forward-stategy-services\/"},"modified":"2025-01-15T15:05:57","modified_gmt":"2025-01-15T14:05:57","slug":"fast-forward-stategy-services","status":"publish","type":"page","link":"https:\/\/bikersdays.com\/de\/fast-forward-stategy-services\/","title":{"rendered":"Fast Forward Strategy &amp; Services"},"content":{"rendered":"\n<h2 class=\"wp-block-heading\">FAST FORWARD STATEGY &amp; SERVICES<\/h2>\n\n\n\n<p><\/p>\n\n\n<div class=\"wp-block-image\">\n<figure class=\"alignleft size-large is-resized\"><img decoding=\"async\" width=\"1024\" height=\"1024\" src=\"https:\/\/bikersdays.com\/wp-content\/uploads\/sites\/6\/449943535_10228782517062121_3613754406298079790_n-1024x1024.jpg\" alt=\"\" class=\"wp-image-13799\" style=\"width:475px;height:auto\" srcset=\"https:\/\/bikersdays.com\/wp-content\/uploads\/sites\/6\/449943535_10228782517062121_3613754406298079790_n-1024x1024.jpg 1024w, https:\/\/bikersdays.com\/wp-content\/uploads\/sites\/6\/449943535_10228782517062121_3613754406298079790_n-300x300.jpg 300w, https:\/\/bikersdays.com\/wp-content\/uploads\/sites\/6\/449943535_10228782517062121_3613754406298079790_n-150x150.jpg 150w, https:\/\/bikersdays.com\/wp-content\/uploads\/sites\/6\/449943535_10228782517062121_3613754406298079790_n.jpg 2048w\" sizes=\"(max-width: 1024px) 100vw, 1024px\" \/><\/figure><\/div>\n\n\n<p><\/p>\n\n\n\n<p class=\"has-black-color has-text-color has-link-color has-medium-font-size wp-elements-58c79f7ffb057ceed8978d0cb03208a4\" style=\"text-transform:uppercase\"><strong>Fast Forward Strategy &amp; Services: Steigern Sie Ihre Leistung auf der Rennstrecke<\/strong><\/p>\n\n\n\n<p>M\u00f6chten Sie Ihre Performance auf dem Motorrad verbessern? Tr\u00e4umen Sie davon, wie ein professioneller Fahrer w\u00e4hrend eines Trackdays betreut zu werden? <mark style=\"background-color:#ffffff\" class=\"has-inline-color has-vivid-red-color\">Fast Forward Strategy &amp; Services<\/mark> (FFS&amp;S) begleitet Sie bei den Bikers&#8216; Days mit einem umfassenden Serviceangebot, das Ihrer Weiterentwicklung auf der Rennstrecke gewidmet ist.<\/p>\n\n\n\n<p class=\"has-black-color has-text-color has-link-color has-medium-font-size wp-elements-b88b9ceefb018718855f6b019d4dd8fd\" style=\"text-transform:uppercase\"><strong><strong>Unsere Dienstleistungen: Vertrauen und Leistung in jeder Kurve<\/strong><\/strong><\/p>\n\n\n\n<p>Mit <mark style=\"background-color:#ffffff\" class=\"has-inline-color has-vivid-red-color\">FFS&amp;S<\/mark> erhalten Sie eine pers\u00f6nliche Betreuung durch einen Renningenieur, um sowohl die Leistung Ihrer Maschine als auch Ihre Fahrf\u00e4higkeiten zu verbessern. Wir bieten Ihnen einen umfassenden Service, der es Ihnen erm\u00f6glicht, sich ausschlie\u00dflich auf Ihre Fahrziele zu konzentrieren, in v\u00f6lliger Ruhe.<\/p>\n\n\n\n<p><\/p>\n\n\n\n<p><\/p>\n\n\n\n<p><\/p>\n\n\n\n<p><\/p>\n\n\n\n<p class=\"has-black-color has-text-color has-link-color has-medium-font-size wp-elements-9e4dd20e8957da79e50bd836da162f33\" style=\"text-transform:uppercase\"><strong>Was Sie von uns erwarten k\u00f6nnen:<\/strong><\/p>\n\n\n\n<ul class=\"wp-block-list\">\n<li><strong>Umfassende Betreuung:&nbsp;<\/strong>Von der Verwaltung der Reifenw\u00e4rmer, des Reifendrucks, der Kontrolle Ihres Motorrads zwischen den sessions bis hin zur Kraftstoffverwaltung, wir k\u00fcmmern uns um alles.<\/li>\n\n\n\n<li><strong>Ma\u00dfgeschneiderte Bewertung:&nbsp;<\/strong>Der Tag beginnt mit einer technischen Bewertung Ihres Motorrads (Chassis, Gewicht, Aufh\u00e4ngungen, Elektronik&#8230;), was uns eine Grundlage f\u00fcr Ihren Fortschritt bietet.<\/li>\n\n\n\n<li><strong>Kontinuierliche \u00dcberwachung:&nbsp;<\/strong>Nach jeder session bewerten wir die Verbesserungsm\u00f6glichkeiten anhand Ihres Feedbacks als Fahrer, der gesammelten Leistungsdaten und der Videoanalyse.<\/li>\n<\/ul>\n\n\n<div class=\"wp-block-image\">\n<figure class=\"alignright size-full is-resized\"><img decoding=\"async\" width=\"1160\" height=\"1160\" src=\"https:\/\/bikersdays.com\/wp-content\/uploads\/sites\/6\/469503632_122130090254388493_6159155288951077891_n.jpg\" alt=\"\" class=\"wp-image-13815\" style=\"width:450px;height:auto\" srcset=\"https:\/\/bikersdays.com\/wp-content\/uploads\/sites\/6\/469503632_122130090254388493_6159155288951077891_n.jpg 1160w, https:\/\/bikersdays.com\/wp-content\/uploads\/sites\/6\/469503632_122130090254388493_6159155288951077891_n-300x300.jpg 300w, https:\/\/bikersdays.com\/wp-content\/uploads\/sites\/6\/469503632_122130090254388493_6159155288951077891_n-1024x1024.jpg 1024w, https:\/\/bikersdays.com\/wp-content\/uploads\/sites\/6\/469503632_122130090254388493_6159155288951077891_n-150x150.jpg 150w\" sizes=\"(max-width: 1160px) 100vw, 1160px\" \/><\/figure><\/div>\n\n\n<p class=\"has-black-color has-text-color has-link-color has-medium-font-size wp-elements-746d2f31d9e5ba90f624c7bd157c62a8\" style=\"text-transform:uppercase\"><strong><strong><strong>Unsere technischen Dienstleistungen:<\/strong> <\/strong><\/strong><\/p>\n\n\n\n<p><\/p>\n\n\n\n<p><strong>Chassis-Einstellung und Optimierung<\/strong><\/p>\n\n\n\n<ul class=\"wp-block-list\">\n<li>Messung der Gewichtsverteilung<\/li>\n\n\n\n<li>Geometrie-Optimierung<\/li>\n\n\n\n<li>\u00dcberpr\u00fcfung des Leerwegs<\/li>\n\n\n\n<li>Optimierte Aufh\u00e4ngungseinstellungen<\/li>\n<\/ul>\n\n\n\n<p><strong>Elektronische Optimierung<\/strong><\/p>\n\n\n\n<ul class=\"wp-block-list\">\n<li>Anpassung der elektronischen Einstellungen (Kraftstoffkarte, Traktionskontrolle, Anti-Wheelie, etc.)<\/li>\n\n\n\n<li>Einstellung der Motorbremse und der Gasannahme (ETV)<\/li>\n<\/ul>\n\n\n\n<p><strong>Technische Unterst\u00fctzung<\/strong><\/p>\n\n\n\n<ul class=\"wp-block-list\">\n<li>Messung der Reifen- und Asphalttemperaturen<\/li>\n\n\n\n<li>Optimierung der Druck-\/Temperatur-\/Reifen-W\u00e4rmerkorrelation<\/li>\n<\/ul>\n\n\n\n<p><strong>Coaching und p\u00e4dagogische Unterst\u00fctzung<\/strong><\/p>\n\n\n\n<ul class=\"wp-block-list\">\n<li>Nachbesprechung nach jeder Session<\/li>\n\n\n\n<li>Beobachtung und Analyse auf der Rennstrecke<\/li>\n\n\n\n<li>Coaching und pers\u00f6nliches Feedback basierend auf Onboard-Videoaufnahmen<\/li>\n<\/ul>\n\n\n\n<p><strong>Datenaufzeichnung (Mit \u201cEngineering Plus\u201d Pack)&nbsp;<\/strong><\/p>\n\n\n\n<ul class=\"wp-block-list\">\n<li>Lesen und Analysieren von Daten (I2M, AIM, 2D, Motec)<\/li>\n\n\n\n<li>Vermietung und Installation eines kompatiblen Datenloggers f\u00fcr das Event (*AIM\/ECU Verkabelungskompatibilit\u00e4t)<\/li>\n<\/ul>\n\n\n\n<p class=\"has-black-color has-text-color has-link-color has-medium-font-size wp-elements-9ffcb935ab16575f035abaaac0049749\" style=\"text-transform:uppercase\"><strong><strong><strong>Erleben Sie ma\u00dfgeschneiderte Unterst\u00fctzung f\u00fcr Ihren Trackday!<\/strong><\/strong><\/strong><\/p>\n\n\n\n<p>Egal, ob Sie Anf\u00e4nger oder erfahrener Fahrer sind, <mark style=\"background-color:#ffffff\" class=\"has-inline-color has-vivid-red-color\">FFS&amp;S<\/mark> bietet die Unterst\u00fctzung, die Sie ben\u00f6tigen, um Ihre Leistung auf der Rennstrecke mit jeder Runde zu verbessern. Sie werden wie ein Profi betreut, mit Werkzeugen und Anleitung, die auf Ihre spezifischen Bed\u00fcrfnisse zugeschnitten sind.<\/p>\n\n\n\n<p class=\"has-black-color has-text-color has-link-color has-medium-font-size wp-elements-5ad43e5e2b86b0377e8ee3e478a72d96\" style=\"text-transform:uppercase\"><strong>Preise \/ SERVICE FFS&amp;S :&nbsp;<\/strong> <\/p>\n\n\n\n<figure class=\"wp-block-table\"><table class=\"has-fixed-layout\"><thead><tr><th>RENNSTRECKE \/ ABSTAND<\/th><th>ENGINEERING BASISANGEBOT<br>(OHNE DATENAUFZEICHNUNG)<\/th><th>ENGINEERING-PLUS ANGEBOT&nbsp;<br>(MIT DATENAUFZEICHNUNG)<\/th><\/tr><\/thead><tbody><tr><td><strong>BELGIEN<\/strong>&nbsp;: SPA &#8211; METTET <\/td><td>720.00 inkl. MwSt. \/ TAG <br>595.00 exkl. MwSt. \/ TAG <\/td><td>850.00 inkl. MwSt. \/ TAG<br>702.50 exkl. MwSt. \/ TAG<\/td><\/tr><tr><td><strong>AUSLAND&nbsp;<\/strong>(radius 1) : DIJON &#8211; LE MANS &#8211; ASSEN <\/td><td>780.00 inkl. MwSt. \/ TAG<br>644.50 exkl. MwSt. \/ TAG<\/td><td>910.00 inkl. MwSt. \/ TAG<br>752.00 exkl. MwSt. \/ TAG<\/td><\/tr><tr><td><strong>AUSLAND&nbsp;<\/strong>(radius 2) : MISANO &#8211; MUGELLO &#8211; CATALUNYA &#8211; VALENCIA &#8211; PORTIMAO <\/td><td>810.00 inkl. MwSt. \/ TAG<br>669.50 exkl. MwSt. \/ TAG<\/td><td>940.00 inkl. MwSt. \/ TAG<br>776.90 exkl. MwSt. \/ TAG<\/td><\/tr><tr><td><strong>ANMERKUNG<\/strong><\/td><td>Unterst\u00fctzung bei der Renntechnik + Reisekosten<\/td><td>Basis + Datenaufzeichnung, Ablesung und Analyse<br><br>(auf dem Motorrad montiert oder mit der Miete einer Box f\u00fcr den Tag zur Verf\u00fcgung)<br><br>*Kompatibilit\u00e4tspr\u00fcfung erforderlich<\/td><\/tr><\/tbody><\/table><\/figure>\n\n\n\n<p class=\"has-text-align-center has-black-color has-text-color has-link-color has-medium-font-size wp-elements-27ad3d427d3dc5e0b3e3fa5a0a6e728b\"><strong>WEITERE INFORMATIONEN UND ANMELDUNG<\/strong>: <\/p>\n\n\n\n<p class=\"has-text-align-center has-vivid-red-color has-text-color has-link-color wp-elements-a6d9513eb119916a58221391423ad3da\"><strong>Fast Forward Strategy &amp; Services&nbsp;<\/strong><\/p>\n\n\n\n<p class=\"has-text-align-center\">Fabian Fran\u00e7ois (FR, NL, EN, DE)<\/p>\n\n\n\n<p class=\"has-text-align-center\">Ch. de Stockel 396 &#8211; 1150 Brussels<\/p>\n\n\n\n<p class=\"has-text-align-center\">Mail :&nbsp;<a href=\"mailto:contact@fastforwardstrategyandservices.be\">contact@fastforwardstrategyandservices.be<\/a><\/p>\n\n\n\n<p class=\"has-text-align-center\">Tel : +32(0)490584492<\/p>\n","protected":false},"excerpt":{"rendered":"<p>FAST FORWARD STATEGY &amp; SERVICES Fast Forward Strategy &amp; Services: Steigern Sie Ihre Leistung auf der Rennstrecke M\u00f6chten Sie Ihre [&hellip;]<\/p>\n","protected":false},"author":2,"featured_media":0,"parent":0,"menu_order":0,"comment_status":"closed","ping_status":"closed","template":"","meta":{"_acf_changed":false,"footnotes":""},"class_list":["post-13854","page","type-page","status-publish","hentry"],"acf":{"vhrs":false},"yoast_head":"<!-- This site is optimized with the Yoast SEO plugin v27.5 - https:\/\/yoast.com\/product\/yoast-seo-wordpress\/ -->\n<title>Fast Forward Strategy &amp; Services - Bikers&#039; Days<\/title>\n<meta name=\"robots\" content=\"index, follow, max-snippet:-1, max-image-preview:large, max-video-preview:-1\" \/>\n<link rel=\"canonical\" href=\"https:\/\/bikersdays.com\/de\/fast-forward-stategy-services\/\" \/>\n<meta property=\"og:locale\" content=\"de_DE\" \/>\n<meta property=\"og:type\" content=\"article\" \/>\n<meta property=\"og:title\" content=\"Fast Forward Strategy &amp; Services - Bikers&#039; Days\" \/>\n<meta property=\"og:description\" content=\"FAST FORWARD STATEGY &amp; SERVICES Fast Forward Strategy &amp; Services: Steigern Sie Ihre Leistung auf der Rennstrecke M\u00f6chten Sie Ihre [&hellip;]\" \/>\n<meta property=\"og:url\" content=\"https:\/\/bikersdays.com\/de\/fast-forward-stategy-services\/\" \/>\n<meta property=\"og:site_name\" content=\"Bikers&#039; Days\" \/>\n<meta property=\"article:modified_time\" content=\"2025-01-15T14:05:57+00:00\" \/>\n<meta property=\"og:image\" content=\"https:\/\/bikersdays.com\/wp-content\/uploads\/sites\/6\/449943535_10228782517062121_3613754406298079790_n-1024x1024.jpg\" \/>\n<meta name=\"twitter:card\" content=\"summary_large_image\" \/>\n<meta name=\"twitter:label1\" content=\"Gesch\u00e4tzte Lesezeit\" \/>\n\t<meta name=\"twitter:data1\" content=\"3\u00a0Minuten\" \/>\n<script type=\"application\/ld+json\" class=\"yoast-schema-graph\">{\"@context\":\"https:\\\/\\\/schema.org\",\"@graph\":[{\"@type\":\"WebPage\",\"@id\":\"https:\\\/\\\/bikersdays.com\\\/de\\\/fast-forward-stategy-services\\\/\",\"url\":\"https:\\\/\\\/bikersdays.com\\\/de\\\/fast-forward-stategy-services\\\/\",\"name\":\"Fast Forward Strategy &amp; Services - Bikers&#039; Days\",\"isPartOf\":{\"@id\":\"https:\\\/\\\/bikersdays.com\\\/de\\\/#website\"},\"primaryImageOfPage\":{\"@id\":\"https:\\\/\\\/bikersdays.com\\\/de\\\/fast-forward-stategy-services\\\/#primaryimage\"},\"image\":{\"@id\":\"https:\\\/\\\/bikersdays.com\\\/de\\\/fast-forward-stategy-services\\\/#primaryimage\"},\"thumbnailUrl\":\"https:\\\/\\\/bikersdays.com\\\/wp-content\\\/uploads\\\/sites\\\/6\\\/449943535_10228782517062121_3613754406298079790_n-1024x1024.jpg\",\"datePublished\":\"2025-01-15T11:11:12+00:00\",\"dateModified\":\"2025-01-15T14:05:57+00:00\",\"breadcrumb\":{\"@id\":\"https:\\\/\\\/bikersdays.com\\\/de\\\/fast-forward-stategy-services\\\/#breadcrumb\"},\"inLanguage\":\"de\",\"potentialAction\":[{\"@type\":\"ReadAction\",\"target\":[\"https:\\\/\\\/bikersdays.com\\\/de\\\/fast-forward-stategy-services\\\/\"]}]},{\"@type\":\"ImageObject\",\"inLanguage\":\"de\",\"@id\":\"https:\\\/\\\/bikersdays.com\\\/de\\\/fast-forward-stategy-services\\\/#primaryimage\",\"url\":\"https:\\\/\\\/bikersdays.com\\\/wp-content\\\/uploads\\\/sites\\\/6\\\/449943535_10228782517062121_3613754406298079790_n-1024x1024.jpg\",\"contentUrl\":\"https:\\\/\\\/bikersdays.com\\\/wp-content\\\/uploads\\\/sites\\\/6\\\/449943535_10228782517062121_3613754406298079790_n-1024x1024.jpg\"},{\"@type\":\"BreadcrumbList\",\"@id\":\"https:\\\/\\\/bikersdays.com\\\/de\\\/fast-forward-stategy-services\\\/#breadcrumb\",\"itemListElement\":[{\"@type\":\"ListItem\",\"position\":1,\"name\":\"Accueil\",\"item\":\"https:\\\/\\\/bikersdays.com\\\/de\\\/\"},{\"@type\":\"ListItem\",\"position\":2,\"name\":\"Fast Forward Strategy &amp; Services\"}]},{\"@type\":\"WebSite\",\"@id\":\"https:\\\/\\\/bikersdays.com\\\/de\\\/#website\",\"url\":\"https:\\\/\\\/bikersdays.com\\\/de\\\/\",\"name\":\"Bikers&#039; Days\",\"description\":\"\",\"potentialAction\":[{\"@type\":\"SearchAction\",\"target\":{\"@type\":\"EntryPoint\",\"urlTemplate\":\"https:\\\/\\\/bikersdays.com\\\/de\\\/?s={search_term_string}\"},\"query-input\":{\"@type\":\"PropertyValueSpecification\",\"valueRequired\":true,\"valueName\":\"search_term_string\"}}],\"inLanguage\":\"de\"}]}<\/script>\n<!-- \/ Yoast SEO plugin. -->","yoast_head_json":{"title":"Fast Forward Strategy &amp; Services - Bikers&#039; Days","robots":{"index":"index","follow":"follow","max-snippet":"max-snippet:-1","max-image-preview":"max-image-preview:large","max-video-preview":"max-video-preview:-1"},"canonical":"https:\/\/bikersdays.com\/de\/fast-forward-stategy-services\/","og_locale":"de_DE","og_type":"article","og_title":"Fast Forward Strategy &amp; Services - Bikers&#039; Days","og_description":"FAST FORWARD STATEGY &amp; SERVICES Fast Forward Strategy &amp; Services: Steigern Sie Ihre Leistung auf der Rennstrecke M\u00f6chten Sie Ihre [&hellip;]","og_url":"https:\/\/bikersdays.com\/de\/fast-forward-stategy-services\/","og_site_name":"Bikers&#039; Days","article_modified_time":"2025-01-15T14:05:57+00:00","og_image":[{"url":"https:\/\/bikersdays.com\/wp-content\/uploads\/sites\/6\/449943535_10228782517062121_3613754406298079790_n-1024x1024.jpg","type":"","width":"","height":""}],"twitter_card":"summary_large_image","twitter_misc":{"Gesch\u00e4tzte Lesezeit":"3\u00a0Minuten"},"schema":{"@context":"https:\/\/schema.org","@graph":[{"@type":"WebPage","@id":"https:\/\/bikersdays.com\/de\/fast-forward-stategy-services\/","url":"https:\/\/bikersdays.com\/de\/fast-forward-stategy-services\/","name":"Fast Forward Strategy &amp; Services - Bikers&#039; Days","isPartOf":{"@id":"https:\/\/bikersdays.com\/de\/#website"},"primaryImageOfPage":{"@id":"https:\/\/bikersdays.com\/de\/fast-forward-stategy-services\/#primaryimage"},"image":{"@id":"https:\/\/bikersdays.com\/de\/fast-forward-stategy-services\/#primaryimage"},"thumbnailUrl":"https:\/\/bikersdays.com\/wp-content\/uploads\/sites\/6\/449943535_10228782517062121_3613754406298079790_n-1024x1024.jpg","datePublished":"2025-01-15T11:11:12+00:00","dateModified":"2025-01-15T14:05:57+00:00","breadcrumb":{"@id":"https:\/\/bikersdays.com\/de\/fast-forward-stategy-services\/#breadcrumb"},"inLanguage":"de","potentialAction":[{"@type":"ReadAction","target":["https:\/\/bikersdays.com\/de\/fast-forward-stategy-services\/"]}]},{"@type":"ImageObject","inLanguage":"de","@id":"https:\/\/bikersdays.com\/de\/fast-forward-stategy-services\/#primaryimage","url":"https:\/\/bikersdays.com\/wp-content\/uploads\/sites\/6\/449943535_10228782517062121_3613754406298079790_n-1024x1024.jpg","contentUrl":"https:\/\/bikersdays.com\/wp-content\/uploads\/sites\/6\/449943535_10228782517062121_3613754406298079790_n-1024x1024.jpg"},{"@type":"BreadcrumbList","@id":"https:\/\/bikersdays.com\/de\/fast-forward-stategy-services\/#breadcrumb","itemListElement":[{"@type":"ListItem","position":1,"name":"Accueil","item":"https:\/\/bikersdays.com\/de\/"},{"@type":"ListItem","position":2,"name":"Fast Forward Strategy &amp; Services"}]},{"@type":"WebSite","@id":"https:\/\/bikersdays.com\/de\/#website","url":"https:\/\/bikersdays.com\/de\/","name":"Bikers&#039; Days","description":"","potentialAction":[{"@type":"SearchAction","target":{"@type":"EntryPoint","urlTemplate":"https:\/\/bikersdays.com\/de\/?s={search_term_string}"},"query-input":{"@type":"PropertyValueSpecification","valueRequired":true,"valueName":"search_term_string"}}],"inLanguage":"de"}]}},"_links":{"self":[{"href":"https:\/\/bikersdays.com\/de\/wp-json\/wp\/v2\/pages\/13854","targetHints":{"allow":["GET"]}}],"collection":[{"href":"https:\/\/bikersdays.com\/de\/wp-json\/wp\/v2\/pages"}],"about":[{"href":"https:\/\/bikersdays.com\/de\/wp-json\/wp\/v2\/types\/page"}],"author":[{"embeddable":true,"href":"https:\/\/bikersdays.com\/de\/wp-json\/wp\/v2\/users\/2"}],"replies":[{"embeddable":true,"href":"https:\/\/bikersdays.com\/de\/wp-json\/wp\/v2\/comments?post=13854"}],"version-history":[{"count":5,"href":"https:\/\/bikersdays.com\/de\/wp-json\/wp\/v2\/pages\/13854\/revisions"}],"predecessor-version":[{"id":13905,"href":"https:\/\/bikersdays.com\/de\/wp-json\/wp\/v2\/pages\/13854\/revisions\/13905"}],"wp:attachment":[{"href":"https:\/\/bikersdays.com\/de\/wp-json\/wp\/v2\/media?parent=13854"}],"curies":[{"name":"wp","href":"https:\/\/api.w.org\/{rel}","templated":true}]}}