{"id":20007,"date":"2026-04-14T15:13:35","date_gmt":"2026-04-14T13:13:35","guid":{"rendered":"https:\/\/bikersdays.com\/yamaha-location-et-essais\/"},"modified":"2026-04-14T15:45:37","modified_gmt":"2026-04-14T13:45:37","slug":"yamaha-location-et-essais","status":"publish","type":"page","link":"https:\/\/bikersdays.com\/de\/yamaha-location-et-essais\/","title":{"rendered":"YAMAHA: Vermietung und Testfahrten"},"content":{"rendered":"\n<p class=\"has-medium-font-size\"><strong>MOTORRADVERMIETUNG<\/strong><\/p>\n\n\n\n<p>Erleben Sie ein einzigartiges Rennstrecken-Erlebnis mit der M\u00f6glichkeit, eine&nbsp;<strong>Yamaha R9<\/strong>&nbsp;tageweise zu mieten. Ein modernes, leistungsstarkes Motorrad, perfekt geeignet f\u00fcr Fahrspa\u00df auf der Rennstrecke.<\/p>\n\n\n\n<p>Der Mietpreis betr\u00e4gt&nbsp;<strong>450 \u20ac pro Tag<\/strong>, mit einer&nbsp;<strong>Kaution von 1500 \u20ac<\/strong>.<br><strong>Reifen sind inbegriffen<\/strong>&nbsp;(au\u00dfer Regenreifen), w\u00e4hrend der Kraftstoff vom Fahrer selbst zu \u00fcbernehmen ist.<\/p>\n\n\n\n<p>Ob Sie die Rennstrecke entdecken, Ihre F\u00e4higkeiten verbessern oder einfach eine au\u00dfergew\u00f6hnliche Maschine genie\u00dfen m\u00f6chten \u2013 die Yamaha R9 bietet Ihnen unvergessliche Eindr\u00fccke!<\/p>\n\n\n\n<p>Infos &amp; Reservierungen:&nbsp;<strong><a>info@bikersdays.com<\/a><\/strong><\/p>\n\n\n\n<figure class=\"wp-block-gallery has-nested-images columns-default is-cropped wp-block-gallery-1 is-layout-flex wp-block-gallery-is-layout-flex\">\n<figure class=\"wp-block-image size-large\"><img decoding=\"async\" width=\"1024\" height=\"576\" data-id=\"19987\" src=\"https:\/\/bikersdays.com\/wp-content\/uploads\/sites\/6\/2025_YAM_YZF1000R1GYTR_EU_DPBMC_ACT_003_03_1-1-1024x576.jpg\" alt=\"\" class=\"wp-image-19987\" srcset=\"https:\/\/bikersdays.com\/wp-content\/uploads\/sites\/6\/2025_YAM_YZF1000R1GYTR_EU_DPBMC_ACT_003_03_1-1-1024x576.jpg 1024w, https:\/\/bikersdays.com\/wp-content\/uploads\/sites\/6\/2025_YAM_YZF1000R1GYTR_EU_DPBMC_ACT_003_03_1-1-300x169.jpg 300w\" sizes=\"(max-width: 1024px) 100vw, 1024px\" \/><\/figure>\n\n\n\n<figure class=\"wp-block-image size-large\"><img decoding=\"async\" width=\"1024\" height=\"576\" data-id=\"19955\" src=\"https:\/\/bikersdays.com\/wp-content\/uploads\/sites\/6\/2025_YAM_YZF600R6RCOMP_EU_MDNM6_ACT_003_03_1-1024x576.jpg\" alt=\"\" class=\"wp-image-19955\" srcset=\"https:\/\/bikersdays.com\/wp-content\/uploads\/sites\/6\/2025_YAM_YZF600R6RCOMP_EU_MDNM6_ACT_003_03_1-1024x576.jpg 1024w, https:\/\/bikersdays.com\/wp-content\/uploads\/sites\/6\/2025_YAM_YZF600R6RCOMP_EU_MDNM6_ACT_003_03_1-300x169.jpg 300w\" sizes=\"(max-width: 1024px) 100vw, 1024px\" \/><\/figure>\n<\/figure>\n\n\n\n<p class=\"has-medium-font-size\"><strong>KOSTENLOSE TESTFAHRTEN<\/strong><\/p>\n\n\n\n<p>Nutzen Sie die einmalige Gelegenheit, Yamaha Rennmaschinen unter realen Streckenbedingungen bei den Bikers&#8217;Days in Spa-Francorchamps zu testen!<\/p>\n\n\n\n<p>W\u00e4hrend spezieller Sessions k\u00f6nnen Sie folgende Modelle testen:<\/p>\n\n\n\n<ul class=\"wp-block-list\">\n<li><strong>Yamaha R1 (GYTR)<\/strong><\/li>\n\n\n\n<li><strong>Yamaha R9<\/strong><\/li>\n\n\n\n<li><strong>Yamaha R6 (GYTR)<\/strong><\/li>\n<\/ul>\n\n\n\n<p>Diese Testfahrten sind&nbsp;<strong>100% kostenlos<\/strong>&nbsp;und direkt vor Ort verf\u00fcgbar. Organisation und Anmeldung erfolgen am Veranstaltungstag auf der Rennstrecke, je nach Verf\u00fcgbarkeit.<\/p>\n\n\n\n<p><strong>Termine:<\/strong><\/p>\n\n\n\n<ul class=\"wp-block-list\">\n<li>12\u201313\/06<\/li>\n\n\n\n<li>30\/06\u201301\/07<\/li>\n\n\n\n<li>31\/07\u201301\/08<\/li>\n<\/ul>\n\n\n\n<p>Eine ideale Gelegenheit, die Yamaha Racing Modellpalette zu entdecken, den GYTR-Unterschied zu sp\u00fcren und ein authentisches Track-Erlebnis zu erleben!<\/p>\n\n\n\n<figure class=\"wp-block-image size-full\"><img decoding=\"async\" width=\"2219\" height=\"1248\" src=\"https:\/\/bikersdays.com\/wp-content\/uploads\/sites\/6\/2025_YAM_YZF1000R1GYTR_EU_DPBMC_ACT_002_03_1-scaled.jpg\" alt=\"\" class=\"wp-image-19979\" srcset=\"https:\/\/bikersdays.com\/wp-content\/uploads\/sites\/6\/2025_YAM_YZF1000R1GYTR_EU_DPBMC_ACT_002_03_1-scaled.jpg 2219w, https:\/\/bikersdays.com\/wp-content\/uploads\/sites\/6\/2025_YAM_YZF1000R1GYTR_EU_DPBMC_ACT_002_03_1-300x169.jpg 300w, https:\/\/bikersdays.com\/wp-content\/uploads\/sites\/6\/2025_YAM_YZF1000R1GYTR_EU_DPBMC_ACT_002_03_1-1024x576.jpg 1024w\" sizes=\"(max-width: 2219px) 100vw, 2219px\" \/><\/figure>\n","protected":false},"excerpt":{"rendered":"<p>MOTORRADVERMIETUNG Erleben Sie ein einzigartiges Rennstrecken-Erlebnis mit der M\u00f6glichkeit, eine&nbsp;Yamaha R9&nbsp;tageweise zu mieten. Ein modernes, leistungsstarkes Motorrad, perfekt geeignet f\u00fcr [&hellip;]<\/p>\n","protected":false},"author":2,"featured_media":0,"parent":0,"menu_order":0,"comment_status":"closed","ping_status":"closed","template":"","meta":{"_acf_changed":false,"footnotes":""},"class_list":["post-20007","page","type-page","status-publish","hentry"],"acf":{"vhrs":false},"yoast_head":"<!-- This site is optimized with the Yoast SEO plugin v27.4 - https:\/\/yoast.com\/product\/yoast-seo-wordpress\/ -->\n<title>YAMAHA: Vermietung und Testfahrten - Bikers&#039; Days<\/title>\n<meta name=\"robots\" content=\"index, follow, max-snippet:-1, max-image-preview:large, max-video-preview:-1\" \/>\n<link rel=\"canonical\" href=\"https:\/\/bikersdays.com\/de\/yamaha-location-et-essais\/\" \/>\n<meta property=\"og:locale\" content=\"de_DE\" \/>\n<meta property=\"og:type\" content=\"article\" \/>\n<meta property=\"og:title\" content=\"YAMAHA: Vermietung und Testfahrten - Bikers&#039; Days\" \/>\n<meta property=\"og:description\" content=\"MOTORRADVERMIETUNG Erleben Sie ein einzigartiges Rennstrecken-Erlebnis mit der M\u00f6glichkeit, eine&nbsp;Yamaha R9&nbsp;tageweise zu mieten. Ein modernes, leistungsstarkes Motorrad, perfekt geeignet f\u00fcr [&hellip;]\" \/>\n<meta property=\"og:url\" content=\"https:\/\/bikersdays.com\/de\/yamaha-location-et-essais\/\" \/>\n<meta property=\"og:site_name\" content=\"Bikers&#039; Days\" \/>\n<meta property=\"article:modified_time\" content=\"2026-04-14T13:45:37+00:00\" \/>\n<meta property=\"og:image\" content=\"https:\/\/bikersdays.com\/wp-content\/uploads\/sites\/6\/2025_YAM_YZF1000R1GYTR_EU_DPBMC_ACT_003_03_1-1-scaled.jpg\" \/>\n\t<meta property=\"og:image:width\" content=\"2219\" \/>\n\t<meta property=\"og:image:height\" content=\"1248\" \/>\n\t<meta property=\"og:image:type\" content=\"image\/jpeg\" \/>\n<meta name=\"twitter:card\" content=\"summary_large_image\" \/>\n<meta name=\"twitter:label1\" content=\"Gesch\u00e4tzte Lesezeit\" \/>\n\t<meta name=\"twitter:data1\" content=\"2\u00a0Minuten\" \/>\n<script type=\"application\/ld+json\" class=\"yoast-schema-graph\">{\"@context\":\"https:\\\/\\\/schema.org\",\"@graph\":[{\"@type\":\"WebPage\",\"@id\":\"https:\\\/\\\/bikersdays.com\\\/de\\\/yamaha-location-et-essais\\\/\",\"url\":\"https:\\\/\\\/bikersdays.com\\\/de\\\/yamaha-location-et-essais\\\/\",\"name\":\"YAMAHA: Vermietung und Testfahrten - Bikers&#039; Days\",\"isPartOf\":{\"@id\":\"https:\\\/\\\/bikersdays.com\\\/de\\\/#website\"},\"primaryImageOfPage\":{\"@id\":\"https:\\\/\\\/bikersdays.com\\\/de\\\/yamaha-location-et-essais\\\/#primaryimage\"},\"image\":{\"@id\":\"https:\\\/\\\/bikersdays.com\\\/de\\\/yamaha-location-et-essais\\\/#primaryimage\"},\"thumbnailUrl\":\"https:\\\/\\\/bikersdays.com\\\/wp-content\\\/uploads\\\/sites\\\/6\\\/2025_YAM_YZF1000R1GYTR_EU_DPBMC_ACT_003_03_1-1-1024x576.jpg\",\"datePublished\":\"2026-04-14T13:13:35+00:00\",\"dateModified\":\"2026-04-14T13:45:37+00:00\",\"breadcrumb\":{\"@id\":\"https:\\\/\\\/bikersdays.com\\\/de\\\/yamaha-location-et-essais\\\/#breadcrumb\"},\"inLanguage\":\"de\",\"potentialAction\":[{\"@type\":\"ReadAction\",\"target\":[\"https:\\\/\\\/bikersdays.com\\\/de\\\/yamaha-location-et-essais\\\/\"]}]},{\"@type\":\"ImageObject\",\"inLanguage\":\"de\",\"@id\":\"https:\\\/\\\/bikersdays.com\\\/de\\\/yamaha-location-et-essais\\\/#primaryimage\",\"url\":\"https:\\\/\\\/bikersdays.com\\\/wp-content\\\/uploads\\\/sites\\\/6\\\/2025_YAM_YZF1000R1GYTR_EU_DPBMC_ACT_003_03_1-1-1024x576.jpg\",\"contentUrl\":\"https:\\\/\\\/bikersdays.com\\\/wp-content\\\/uploads\\\/sites\\\/6\\\/2025_YAM_YZF1000R1GYTR_EU_DPBMC_ACT_003_03_1-1-1024x576.jpg\"},{\"@type\":\"BreadcrumbList\",\"@id\":\"https:\\\/\\\/bikersdays.com\\\/de\\\/yamaha-location-et-essais\\\/#breadcrumb\",\"itemListElement\":[{\"@type\":\"ListItem\",\"position\":1,\"name\":\"Accueil\",\"item\":\"https:\\\/\\\/bikersdays.com\\\/de\\\/\"},{\"@type\":\"ListItem\",\"position\":2,\"name\":\"YAMAHA: Vermietung und Testfahrten\"}]},{\"@type\":\"WebSite\",\"@id\":\"https:\\\/\\\/bikersdays.com\\\/de\\\/#website\",\"url\":\"https:\\\/\\\/bikersdays.com\\\/de\\\/\",\"name\":\"Bikers&#039; Days\",\"description\":\"\",\"potentialAction\":[{\"@type\":\"SearchAction\",\"target\":{\"@type\":\"EntryPoint\",\"urlTemplate\":\"https:\\\/\\\/bikersdays.com\\\/de\\\/?s={search_term_string}\"},\"query-input\":{\"@type\":\"PropertyValueSpecification\",\"valueRequired\":true,\"valueName\":\"search_term_string\"}}],\"inLanguage\":\"de\"}]}<\/script>\n<!-- \/ Yoast SEO plugin. -->","yoast_head_json":{"title":"YAMAHA: Vermietung und Testfahrten - Bikers&#039; Days","robots":{"index":"index","follow":"follow","max-snippet":"max-snippet:-1","max-image-preview":"max-image-preview:large","max-video-preview":"max-video-preview:-1"},"canonical":"https:\/\/bikersdays.com\/de\/yamaha-location-et-essais\/","og_locale":"de_DE","og_type":"article","og_title":"YAMAHA: Vermietung und Testfahrten - Bikers&#039; Days","og_description":"MOTORRADVERMIETUNG Erleben Sie ein einzigartiges Rennstrecken-Erlebnis mit der M\u00f6glichkeit, eine&nbsp;Yamaha R9&nbsp;tageweise zu mieten. Ein modernes, leistungsstarkes Motorrad, perfekt geeignet f\u00fcr [&hellip;]","og_url":"https:\/\/bikersdays.com\/de\/yamaha-location-et-essais\/","og_site_name":"Bikers&#039; Days","article_modified_time":"2026-04-14T13:45:37+00:00","og_image":[{"width":2219,"height":1248,"url":"https:\/\/bikersdays.com\/wp-content\/uploads\/sites\/6\/2025_YAM_YZF1000R1GYTR_EU_DPBMC_ACT_003_03_1-1-scaled.jpg","type":"image\/jpeg"}],"twitter_card":"summary_large_image","twitter_misc":{"Gesch\u00e4tzte Lesezeit":"2\u00a0Minuten"},"schema":{"@context":"https:\/\/schema.org","@graph":[{"@type":"WebPage","@id":"https:\/\/bikersdays.com\/de\/yamaha-location-et-essais\/","url":"https:\/\/bikersdays.com\/de\/yamaha-location-et-essais\/","name":"YAMAHA: Vermietung und Testfahrten - Bikers&#039; Days","isPartOf":{"@id":"https:\/\/bikersdays.com\/de\/#website"},"primaryImageOfPage":{"@id":"https:\/\/bikersdays.com\/de\/yamaha-location-et-essais\/#primaryimage"},"image":{"@id":"https:\/\/bikersdays.com\/de\/yamaha-location-et-essais\/#primaryimage"},"thumbnailUrl":"https:\/\/bikersdays.com\/wp-content\/uploads\/sites\/6\/2025_YAM_YZF1000R1GYTR_EU_DPBMC_ACT_003_03_1-1-1024x576.jpg","datePublished":"2026-04-14T13:13:35+00:00","dateModified":"2026-04-14T13:45:37+00:00","breadcrumb":{"@id":"https:\/\/bikersdays.com\/de\/yamaha-location-et-essais\/#breadcrumb"},"inLanguage":"de","potentialAction":[{"@type":"ReadAction","target":["https:\/\/bikersdays.com\/de\/yamaha-location-et-essais\/"]}]},{"@type":"ImageObject","inLanguage":"de","@id":"https:\/\/bikersdays.com\/de\/yamaha-location-et-essais\/#primaryimage","url":"https:\/\/bikersdays.com\/wp-content\/uploads\/sites\/6\/2025_YAM_YZF1000R1GYTR_EU_DPBMC_ACT_003_03_1-1-1024x576.jpg","contentUrl":"https:\/\/bikersdays.com\/wp-content\/uploads\/sites\/6\/2025_YAM_YZF1000R1GYTR_EU_DPBMC_ACT_003_03_1-1-1024x576.jpg"},{"@type":"BreadcrumbList","@id":"https:\/\/bikersdays.com\/de\/yamaha-location-et-essais\/#breadcrumb","itemListElement":[{"@type":"ListItem","position":1,"name":"Accueil","item":"https:\/\/bikersdays.com\/de\/"},{"@type":"ListItem","position":2,"name":"YAMAHA: Vermietung und Testfahrten"}]},{"@type":"WebSite","@id":"https:\/\/bikersdays.com\/de\/#website","url":"https:\/\/bikersdays.com\/de\/","name":"Bikers&#039; Days","description":"","potentialAction":[{"@type":"SearchAction","target":{"@type":"EntryPoint","urlTemplate":"https:\/\/bikersdays.com\/de\/?s={search_term_string}"},"query-input":{"@type":"PropertyValueSpecification","valueRequired":true,"valueName":"search_term_string"}}],"inLanguage":"de"}]}},"_links":{"self":[{"href":"https:\/\/bikersdays.com\/de\/wp-json\/wp\/v2\/pages\/20007","targetHints":{"allow":["GET"]}}],"collection":[{"href":"https:\/\/bikersdays.com\/de\/wp-json\/wp\/v2\/pages"}],"about":[{"href":"https:\/\/bikersdays.com\/de\/wp-json\/wp\/v2\/types\/page"}],"author":[{"embeddable":true,"href":"https:\/\/bikersdays.com\/de\/wp-json\/wp\/v2\/users\/2"}],"replies":[{"embeddable":true,"href":"https:\/\/bikersdays.com\/de\/wp-json\/wp\/v2\/comments?post=20007"}],"version-history":[{"count":2,"href":"https:\/\/bikersdays.com\/de\/wp-json\/wp\/v2\/pages\/20007\/revisions"}],"predecessor-version":[{"id":20016,"href":"https:\/\/bikersdays.com\/de\/wp-json\/wp\/v2\/pages\/20007\/revisions\/20016"}],"wp:attachment":[{"href":"https:\/\/bikersdays.com\/de\/wp-json\/wp\/v2\/media?parent=20007"}],"curies":[{"name":"wp","href":"https:\/\/api.w.org\/{rel}","templated":true}]}}