{"id":529,"date":"2020-11-09T14:05:01","date_gmt":"2020-11-09T13:05:01","guid":{"rendered":"https:\/\/www.dgsportnewwebseite.eu\/bikersdays\/inscription\/"},"modified":"2023-05-03T15:29:53","modified_gmt":"2023-05-03T13:29:53","slug":"inscription","status":"publish","type":"page","link":"https:\/\/bikersdays.com\/de\/inscription\/","title":{"rendered":"Einschreibung"},"content":{"rendered":"\n<h3 class=\"wp-block-heading\">Einschreibung<\/h3>\n\n\n\n<p>Um an den \u00ab\u00a0Bikers\u2019Days\u00a0\u00bb Fahrtrainings teilnehmen zu k\u00f6nnen, soll der Teilnehmer auf unserer Plattform <a href=\"http:\/\/booking.dgsport.eu\" target=\"_blank\" rel=\"noreferrer noopener\">booking.dgsport.eu<\/a> sich einschreiben.\u00a0Das Fahrniveau und m\u00f6glicherweise die beste Zeit auf der betreffenden Strecke m\u00fcssen im Profil des Teilnehmers angegeben werden. Dar\u00fcber hinaus muss jeder Teilnehmer sein eigenes Profil verwenden, um eine Fahrt zu buchen. Dies erm\u00f6glicht, f\u00fcr jeden Teilnehmer die notwendigen Informationen zu erhalten<\/p>\n\n\n\n<h3 class=\"wp-block-heading\">Zahlung<\/h3>\n\n\n\n<p>Die Zahlungen sind per Debitkarte (Maestro, Bancontact,&#8230;) oder per Kreditkarte (Visa, Mastercard,&#8230;) m\u00f6glich. In diesem Fall erfolgt die Anmeldebest\u00e4tigung automatisch. Wenn Sie sich f\u00fcr die Zahlung per Bank\u00fcberweisung entscheiden, muss die Zahlung innerhalb 15 Tagen nach der Anmeldung eingehen. Andernfalls wird die Registrierung automatisch storniert.\u00a0<\/p>\n\n\n\n<h5 class=\"wp-block-heading\">Zahlungsdetails<\/h5>\n\n\n\n<p>Empf\u00e4nger : STADE 27 SA &#8211; Avenue du Stade, 27 &#8211; 4910 THEUX<br>Bank : ING Soumagne &#8211; Avenue de la R\u00e9sistance, 27 &#8211; 4630 SOUMAGNE<br>IBAN : BE48 3631 8080 6727<br>BIC : BBRUBEBB<\/p>\n\n\n\n<h3 class=\"wp-block-heading\">Rechnung<\/h3>\n\n\n\n<p>Die Teilnehmer sollen bei der Buchung einer Veranstaltung eine Rechnungsadresse angeben und erhalten nach Zahlungseingang automatisch eine Rechnung.<\/p>\n\n\n\n<p class=\"has-text-align-center has-text-color\" style=\"color:#a31009\"><strong>EINE EINSCHREIBUNG = EIN TEILNEHMER = EIN MOTORRAD<\/strong><\/p>\n","protected":false},"excerpt":{"rendered":"<p>Einschreibung Um an den \u00ab\u00a0Bikers\u2019Days\u00a0\u00bb Fahrtrainings teilnehmen zu k\u00f6nnen, soll der Teilnehmer auf unserer Plattform booking.dgsport.eu sich einschreiben.\u00a0Das Fahrniveau und [&hellip;]<\/p>\n","protected":false},"author":2,"featured_media":0,"parent":0,"menu_order":0,"comment_status":"closed","ping_status":"closed","template":"","meta":{"_acf_changed":false,"footnotes":""},"class_list":["post-529","page","type-page","status-publish","hentry"],"acf":{"vhrs":null},"yoast_head":"<!-- This site is optimized with the Yoast SEO plugin v27.4 - https:\/\/yoast.com\/product\/yoast-seo-wordpress\/ -->\n<title>Einschreibung - Bikers&#039; Days<\/title>\n<meta name=\"robots\" content=\"index, follow, max-snippet:-1, max-image-preview:large, max-video-preview:-1\" \/>\n<link rel=\"canonical\" href=\"https:\/\/bikersdays.com\/de\/inscription\/\" \/>\n<meta property=\"og:locale\" content=\"de_DE\" \/>\n<meta property=\"og:type\" content=\"article\" \/>\n<meta property=\"og:title\" content=\"Einschreibung - Bikers&#039; Days\" \/>\n<meta property=\"og:description\" content=\"Einschreibung Um an den \u00ab\u00a0Bikers\u2019Days\u00a0\u00bb Fahrtrainings teilnehmen zu k\u00f6nnen, soll der Teilnehmer auf unserer Plattform booking.dgsport.eu sich einschreiben.\u00a0Das Fahrniveau und [&hellip;]\" \/>\n<meta property=\"og:url\" content=\"https:\/\/bikersdays.com\/de\/inscription\/\" \/>\n<meta property=\"og:site_name\" content=\"Bikers&#039; Days\" \/>\n<meta property=\"article:modified_time\" content=\"2023-05-03T13:29:53+00:00\" \/>\n<meta name=\"twitter:card\" content=\"summary_large_image\" \/>\n<meta name=\"twitter:label1\" content=\"Gesch\u00e4tzte Lesezeit\" \/>\n\t<meta name=\"twitter:data1\" content=\"1\u00a0Minute\" \/>\n<script type=\"application\/ld+json\" class=\"yoast-schema-graph\">{\"@context\":\"https:\\\/\\\/schema.org\",\"@graph\":[{\"@type\":\"WebPage\",\"@id\":\"https:\\\/\\\/bikersdays.com\\\/de\\\/inscription\\\/\",\"url\":\"https:\\\/\\\/bikersdays.com\\\/de\\\/inscription\\\/\",\"name\":\"Einschreibung - Bikers&#039; Days\",\"isPartOf\":{\"@id\":\"https:\\\/\\\/bikersdays.com\\\/de\\\/#website\"},\"datePublished\":\"2020-11-09T13:05:01+00:00\",\"dateModified\":\"2023-05-03T13:29:53+00:00\",\"breadcrumb\":{\"@id\":\"https:\\\/\\\/bikersdays.com\\\/de\\\/inscription\\\/#breadcrumb\"},\"inLanguage\":\"de\",\"potentialAction\":[{\"@type\":\"ReadAction\",\"target\":[\"https:\\\/\\\/bikersdays.com\\\/de\\\/inscription\\\/\"]}]},{\"@type\":\"BreadcrumbList\",\"@id\":\"https:\\\/\\\/bikersdays.com\\\/de\\\/inscription\\\/#breadcrumb\",\"itemListElement\":[{\"@type\":\"ListItem\",\"position\":1,\"name\":\"Accueil\",\"item\":\"https:\\\/\\\/bikersdays.com\\\/de\\\/\"},{\"@type\":\"ListItem\",\"position\":2,\"name\":\"Einschreibung\"}]},{\"@type\":\"WebSite\",\"@id\":\"https:\\\/\\\/bikersdays.com\\\/de\\\/#website\",\"url\":\"https:\\\/\\\/bikersdays.com\\\/de\\\/\",\"name\":\"Bikers&#039; Days\",\"description\":\"\",\"potentialAction\":[{\"@type\":\"SearchAction\",\"target\":{\"@type\":\"EntryPoint\",\"urlTemplate\":\"https:\\\/\\\/bikersdays.com\\\/de\\\/?s={search_term_string}\"},\"query-input\":{\"@type\":\"PropertyValueSpecification\",\"valueRequired\":true,\"valueName\":\"search_term_string\"}}],\"inLanguage\":\"de\"}]}<\/script>\n<!-- \/ Yoast SEO plugin. -->","yoast_head_json":{"title":"Einschreibung - Bikers&#039; Days","robots":{"index":"index","follow":"follow","max-snippet":"max-snippet:-1","max-image-preview":"max-image-preview:large","max-video-preview":"max-video-preview:-1"},"canonical":"https:\/\/bikersdays.com\/de\/inscription\/","og_locale":"de_DE","og_type":"article","og_title":"Einschreibung - Bikers&#039; Days","og_description":"Einschreibung Um an den \u00ab\u00a0Bikers\u2019Days\u00a0\u00bb Fahrtrainings teilnehmen zu k\u00f6nnen, soll der Teilnehmer auf unserer Plattform booking.dgsport.eu sich einschreiben.\u00a0Das Fahrniveau und [&hellip;]","og_url":"https:\/\/bikersdays.com\/de\/inscription\/","og_site_name":"Bikers&#039; Days","article_modified_time":"2023-05-03T13:29:53+00:00","twitter_card":"summary_large_image","twitter_misc":{"Gesch\u00e4tzte Lesezeit":"1\u00a0Minute"},"schema":{"@context":"https:\/\/schema.org","@graph":[{"@type":"WebPage","@id":"https:\/\/bikersdays.com\/de\/inscription\/","url":"https:\/\/bikersdays.com\/de\/inscription\/","name":"Einschreibung - Bikers&#039; Days","isPartOf":{"@id":"https:\/\/bikersdays.com\/de\/#website"},"datePublished":"2020-11-09T13:05:01+00:00","dateModified":"2023-05-03T13:29:53+00:00","breadcrumb":{"@id":"https:\/\/bikersdays.com\/de\/inscription\/#breadcrumb"},"inLanguage":"de","potentialAction":[{"@type":"ReadAction","target":["https:\/\/bikersdays.com\/de\/inscription\/"]}]},{"@type":"BreadcrumbList","@id":"https:\/\/bikersdays.com\/de\/inscription\/#breadcrumb","itemListElement":[{"@type":"ListItem","position":1,"name":"Accueil","item":"https:\/\/bikersdays.com\/de\/"},{"@type":"ListItem","position":2,"name":"Einschreibung"}]},{"@type":"WebSite","@id":"https:\/\/bikersdays.com\/de\/#website","url":"https:\/\/bikersdays.com\/de\/","name":"Bikers&#039; Days","description":"","potentialAction":[{"@type":"SearchAction","target":{"@type":"EntryPoint","urlTemplate":"https:\/\/bikersdays.com\/de\/?s={search_term_string}"},"query-input":{"@type":"PropertyValueSpecification","valueRequired":true,"valueName":"search_term_string"}}],"inLanguage":"de"}]}},"_links":{"self":[{"href":"https:\/\/bikersdays.com\/de\/wp-json\/wp\/v2\/pages\/529","targetHints":{"allow":["GET"]}}],"collection":[{"href":"https:\/\/bikersdays.com\/de\/wp-json\/wp\/v2\/pages"}],"about":[{"href":"https:\/\/bikersdays.com\/de\/wp-json\/wp\/v2\/types\/page"}],"author":[{"embeddable":true,"href":"https:\/\/bikersdays.com\/de\/wp-json\/wp\/v2\/users\/2"}],"replies":[{"embeddable":true,"href":"https:\/\/bikersdays.com\/de\/wp-json\/wp\/v2\/comments?post=529"}],"version-history":[{"count":0,"href":"https:\/\/bikersdays.com\/de\/wp-json\/wp\/v2\/pages\/529\/revisions"}],"wp:attachment":[{"href":"https:\/\/bikersdays.com\/de\/wp-json\/wp\/v2\/media?parent=529"}],"curies":[{"name":"wp","href":"https:\/\/api.w.org\/{rel}","templated":true}]}}