{"id":541,"date":"2020-11-05T09:02:34","date_gmt":"2020-11-05T08:02:34","guid":{"rendered":"https:\/\/www.dgsportnewwebseite.eu\/bikersdays\/services-pneus\/"},"modified":"2024-02-28T12:21:20","modified_gmt":"2024-02-28T11:21:20","slug":"services-pneus","status":"publish","type":"page","link":"https:\/\/bikersdays.com\/de\/services-pneus\/","title":{"rendered":"Reifendienst"},"content":{"rendered":"\n<h3 class=\"wp-block-heading\">Reifendienst<\/h3>\n\n\n\n<p>Der Motorradrennsport war schon immer das DUNLOP-Herzst\u00fcck. Seit der Erfindung des ersten Reifens bis heute wird DUNLOP von einigen gro\u00dfen Namen im Rennsport am h\u00e4ufigsten gew\u00e4hlt. Die Beteiligung des Herstellers an verschiedenen Meisterschaften, vom EBR bis zur Isle of Man TT, stellt sicher, dass der Hersteller an der Spitze des Motorradsportes und der Reifentechnologie bleibt.<\/p>\n\n\n\n<p>Nach h\u00e4ufigen Testfahrten durch die anspruchsvollsten Fahrer der Welt in Superstock,&nbsp;&nbsp;Supersport und ersten Siegen in IDM, CIV und Alpe Adria ist der<strong> D213 GP Pro<\/strong> der neue stra\u00dfenzugelassene Rennreifen f\u00fcr die anspruchsvollsten Champions.<\/p>\n\n\n\n<p>Entdecken Sie die gesamte <a href=\"https:\/\/www.dunlop.eu\/de_de\/motorcycle\/products\/search-results.html?type=ridingstyle&amp;rs=track&amp;at=easy_racing#\/\" target=\"_blank\" rel=\"noreferrer noopener\">DUNLOP-Streckenauswah<\/a><a href=\"https:\/\/www.dunlop.eu\/fr_be\/motorcycle\/tires\/track.html\" target=\"_blank\" rel=\"noreferrer noopener\">l<\/a>.<\/p>\n\n\n\n<h3 class=\"wp-block-heading\">Bestellung<\/h3>\n\n\n\n<p>Die DUNLOP-Auswahl ist an allen unseren Renntagen verf\u00fcgbar. Eine Vorbestellung ist per email info@bikersdays.com erw\u00fcnscht.<\/p>\n\n\n\n<h3 class=\"wp-block-heading\">Montage und Ausgleichen<\/h3>\n\n\n\n<p>Unser Team steht Ihnen auch f\u00fcr die Montage und das Ausgleichen Ihrer Reifen aller Marken zur Verf\u00fcgung.<\/p>\n","protected":false},"excerpt":{"rendered":"<p>Reifendienst Der Motorradrennsport war schon immer das DUNLOP-Herzst\u00fcck. Seit der Erfindung des ersten Reifens bis heute wird DUNLOP von einigen [&hellip;]<\/p>\n","protected":false},"author":2,"featured_media":0,"parent":0,"menu_order":0,"comment_status":"closed","ping_status":"closed","template":"","meta":{"_acf_changed":false,"footnotes":""},"class_list":["post-541","page","type-page","status-publish","hentry"],"acf":{"vhrs":false},"yoast_head":"<!-- This site is optimized with the Yoast SEO plugin v27.4 - https:\/\/yoast.com\/product\/yoast-seo-wordpress\/ -->\n<title>Reifendienst - Bikers&#039; Days<\/title>\n<meta name=\"robots\" content=\"index, follow, max-snippet:-1, max-image-preview:large, max-video-preview:-1\" \/>\n<link rel=\"canonical\" href=\"https:\/\/bikersdays.com\/de\/services-pneus\/\" \/>\n<meta property=\"og:locale\" content=\"de_DE\" \/>\n<meta property=\"og:type\" content=\"article\" \/>\n<meta property=\"og:title\" content=\"Reifendienst - Bikers&#039; Days\" \/>\n<meta property=\"og:description\" content=\"Reifendienst Der Motorradrennsport war schon immer das DUNLOP-Herzst\u00fcck. Seit der Erfindung des ersten Reifens bis heute wird DUNLOP von einigen [&hellip;]\" \/>\n<meta property=\"og:url\" content=\"https:\/\/bikersdays.com\/de\/services-pneus\/\" \/>\n<meta property=\"og:site_name\" content=\"Bikers&#039; Days\" \/>\n<meta property=\"article:modified_time\" content=\"2024-02-28T11:21:20+00:00\" \/>\n<meta name=\"twitter:card\" content=\"summary_large_image\" \/>\n<meta name=\"twitter:label1\" content=\"Gesch\u00e4tzte Lesezeit\" \/>\n\t<meta name=\"twitter:data1\" content=\"1\u00a0Minute\" \/>\n<script type=\"application\/ld+json\" class=\"yoast-schema-graph\">{\"@context\":\"https:\\\/\\\/schema.org\",\"@graph\":[{\"@type\":\"WebPage\",\"@id\":\"https:\\\/\\\/bikersdays.com\\\/de\\\/services-pneus\\\/\",\"url\":\"https:\\\/\\\/bikersdays.com\\\/de\\\/services-pneus\\\/\",\"name\":\"Reifendienst - Bikers&#039; Days\",\"isPartOf\":{\"@id\":\"https:\\\/\\\/bikersdays.com\\\/de\\\/#website\"},\"datePublished\":\"2020-11-05T08:02:34+00:00\",\"dateModified\":\"2024-02-28T11:21:20+00:00\",\"breadcrumb\":{\"@id\":\"https:\\\/\\\/bikersdays.com\\\/de\\\/services-pneus\\\/#breadcrumb\"},\"inLanguage\":\"de\",\"potentialAction\":[{\"@type\":\"ReadAction\",\"target\":[\"https:\\\/\\\/bikersdays.com\\\/de\\\/services-pneus\\\/\"]}]},{\"@type\":\"BreadcrumbList\",\"@id\":\"https:\\\/\\\/bikersdays.com\\\/de\\\/services-pneus\\\/#breadcrumb\",\"itemListElement\":[{\"@type\":\"ListItem\",\"position\":1,\"name\":\"Accueil\",\"item\":\"https:\\\/\\\/bikersdays.com\\\/de\\\/\"},{\"@type\":\"ListItem\",\"position\":2,\"name\":\"Reifendienst\"}]},{\"@type\":\"WebSite\",\"@id\":\"https:\\\/\\\/bikersdays.com\\\/de\\\/#website\",\"url\":\"https:\\\/\\\/bikersdays.com\\\/de\\\/\",\"name\":\"Bikers&#039; Days\",\"description\":\"\",\"potentialAction\":[{\"@type\":\"SearchAction\",\"target\":{\"@type\":\"EntryPoint\",\"urlTemplate\":\"https:\\\/\\\/bikersdays.com\\\/de\\\/?s={search_term_string}\"},\"query-input\":{\"@type\":\"PropertyValueSpecification\",\"valueRequired\":true,\"valueName\":\"search_term_string\"}}],\"inLanguage\":\"de\"}]}<\/script>\n<!-- \/ Yoast SEO plugin. -->","yoast_head_json":{"title":"Reifendienst - Bikers&#039; Days","robots":{"index":"index","follow":"follow","max-snippet":"max-snippet:-1","max-image-preview":"max-image-preview:large","max-video-preview":"max-video-preview:-1"},"canonical":"https:\/\/bikersdays.com\/de\/services-pneus\/","og_locale":"de_DE","og_type":"article","og_title":"Reifendienst - Bikers&#039; Days","og_description":"Reifendienst Der Motorradrennsport war schon immer das DUNLOP-Herzst\u00fcck. Seit der Erfindung des ersten Reifens bis heute wird DUNLOP von einigen [&hellip;]","og_url":"https:\/\/bikersdays.com\/de\/services-pneus\/","og_site_name":"Bikers&#039; Days","article_modified_time":"2024-02-28T11:21:20+00:00","twitter_card":"summary_large_image","twitter_misc":{"Gesch\u00e4tzte Lesezeit":"1\u00a0Minute"},"schema":{"@context":"https:\/\/schema.org","@graph":[{"@type":"WebPage","@id":"https:\/\/bikersdays.com\/de\/services-pneus\/","url":"https:\/\/bikersdays.com\/de\/services-pneus\/","name":"Reifendienst - Bikers&#039; Days","isPartOf":{"@id":"https:\/\/bikersdays.com\/de\/#website"},"datePublished":"2020-11-05T08:02:34+00:00","dateModified":"2024-02-28T11:21:20+00:00","breadcrumb":{"@id":"https:\/\/bikersdays.com\/de\/services-pneus\/#breadcrumb"},"inLanguage":"de","potentialAction":[{"@type":"ReadAction","target":["https:\/\/bikersdays.com\/de\/services-pneus\/"]}]},{"@type":"BreadcrumbList","@id":"https:\/\/bikersdays.com\/de\/services-pneus\/#breadcrumb","itemListElement":[{"@type":"ListItem","position":1,"name":"Accueil","item":"https:\/\/bikersdays.com\/de\/"},{"@type":"ListItem","position":2,"name":"Reifendienst"}]},{"@type":"WebSite","@id":"https:\/\/bikersdays.com\/de\/#website","url":"https:\/\/bikersdays.com\/de\/","name":"Bikers&#039; Days","description":"","potentialAction":[{"@type":"SearchAction","target":{"@type":"EntryPoint","urlTemplate":"https:\/\/bikersdays.com\/de\/?s={search_term_string}"},"query-input":{"@type":"PropertyValueSpecification","valueRequired":true,"valueName":"search_term_string"}}],"inLanguage":"de"}]}},"_links":{"self":[{"href":"https:\/\/bikersdays.com\/de\/wp-json\/wp\/v2\/pages\/541","targetHints":{"allow":["GET"]}}],"collection":[{"href":"https:\/\/bikersdays.com\/de\/wp-json\/wp\/v2\/pages"}],"about":[{"href":"https:\/\/bikersdays.com\/de\/wp-json\/wp\/v2\/types\/page"}],"author":[{"embeddable":true,"href":"https:\/\/bikersdays.com\/de\/wp-json\/wp\/v2\/users\/2"}],"replies":[{"embeddable":true,"href":"https:\/\/bikersdays.com\/de\/wp-json\/wp\/v2\/comments?post=541"}],"version-history":[{"count":0,"href":"https:\/\/bikersdays.com\/de\/wp-json\/wp\/v2\/pages\/541\/revisions"}],"wp:attachment":[{"href":"https:\/\/bikersdays.com\/de\/wp-json\/wp\/v2\/media?parent=541"}],"curies":[{"name":"wp","href":"https:\/\/api.w.org\/{rel}","templated":true}]}}