{"id":544,"date":"2020-11-05T09:02:15","date_gmt":"2020-11-05T08:02:15","guid":{"rendered":"https:\/\/www.dgsportnewwebseite.eu\/bikersdays\/transport-de-votre-moto\/"},"modified":"2025-12-12T14:34:51","modified_gmt":"2025-12-12T13:34:51","slug":"transport-de-votre-moto","status":"publish","type":"page","link":"https:\/\/bikersdays.com\/de\/transport-de-votre-moto\/","title":{"rendered":"Transport der Motorr\u00e4der"},"content":{"rendered":"\n<p>F\u00fcr die Veranstaltungen au\u00dferhalb Belgiens bieten wir den Transport der Motorr\u00e4der an. Ihr Motorrad muss in unserem Lager in Theux gebracht werden und wird zur Rennstrecke transportiert. Am Ende der Veranstaltung wird das Motorrad wieder nach Theux zur\u00fcckgebracht.&nbsp;Zum Motorradtransport geh\u00f6rt auch ein Platz in einer Pitbox.<\/p>\n\n\n\n<p>Zus\u00e4tzlich k\u00f6nnen Sie auch folgendes Material mitnehmen:<\/p>\n\n\n\n<ul class=\"wp-block-list\">\n<li>Eine Sporttasche<\/li>\n\n\n\n<li>Ein&nbsp;Metallstamm&nbsp;(80 x 40 x 40)<\/li>\n\n\n\n<li>Ein&nbsp;Satz&nbsp;Ersatzreifen oder ein&nbsp;Satz&nbsp;Ersatzfelgen<\/li>\n\n\n\n<li>Ein Benzinkanister (leer)<\/li>\n\n\n\n<li>Ein&nbsp;Satz&nbsp;St\u00e4nder<\/li>\n<\/ul>\n\n\n\n<p>Ihr Material muss sichtbar mit Ihrem Namen beschriftet sein.<\/p>\n\n\n\n<p>Wenn Sie Ihr Motorrad abgeben, nehmen Sie bitte auch :<\/p>\n\n\n\n<ul class=\"wp-block-list\">\n<li>Eine Kopie der Dokumente Ihres Motorrads<\/li>\n\n\n\n<li>Eine Kopie Ihres Personalausweises<\/li>\n<\/ul>\n\n\n\n<p>*Ihre Ausr\u00fcstung ist gegen Diebstahl und Feuer bis zu einem Wert von 15.000 \u20ac versichert. Wenn Sie diese Deckungssumme erh\u00f6hen m\u00f6chten, kontaktieren Sie uns bitte per E-Mail. Die Kosten betragen 100 \u20ac pro zus\u00e4tzlicher Tranche von 10.000 \u20ac.<\/p>\n","protected":false},"excerpt":{"rendered":"<p>F\u00fcr die Veranstaltungen au\u00dferhalb Belgiens bieten wir den Transport der Motorr\u00e4der an. Ihr Motorrad muss in unserem Lager in Theux [&hellip;]<\/p>\n","protected":false},"author":2,"featured_media":0,"parent":0,"menu_order":0,"comment_status":"closed","ping_status":"closed","template":"","meta":{"_acf_changed":false,"footnotes":""},"class_list":["post-544","page","type-page","status-publish","hentry"],"acf":{"vhrs":false},"yoast_head":"<!-- This site is optimized with the Yoast SEO plugin v27.5 - https:\/\/yoast.com\/product\/yoast-seo-wordpress\/ -->\n<title>Transport der Motorr\u00e4der - Bikers&#039; Days<\/title>\n<meta name=\"robots\" content=\"index, follow, max-snippet:-1, max-image-preview:large, max-video-preview:-1\" \/>\n<link rel=\"canonical\" href=\"https:\/\/bikersdays.com\/de\/transport-de-votre-moto\/\" \/>\n<meta property=\"og:locale\" content=\"de_DE\" \/>\n<meta property=\"og:type\" content=\"article\" \/>\n<meta property=\"og:title\" content=\"Transport der Motorr\u00e4der - Bikers&#039; Days\" \/>\n<meta property=\"og:description\" content=\"F\u00fcr die Veranstaltungen au\u00dferhalb Belgiens bieten wir den Transport der Motorr\u00e4der an. Ihr Motorrad muss in unserem Lager in Theux [&hellip;]\" \/>\n<meta property=\"og:url\" content=\"https:\/\/bikersdays.com\/de\/transport-de-votre-moto\/\" \/>\n<meta property=\"og:site_name\" content=\"Bikers&#039; Days\" \/>\n<meta property=\"article:modified_time\" content=\"2025-12-12T13:34:51+00:00\" \/>\n<meta name=\"twitter:card\" content=\"summary_large_image\" \/>\n<meta name=\"twitter:label1\" content=\"Gesch\u00e4tzte Lesezeit\" \/>\n\t<meta name=\"twitter:data1\" content=\"1\u00a0Minute\" \/>\n<script type=\"application\/ld+json\" class=\"yoast-schema-graph\">{\"@context\":\"https:\\\/\\\/schema.org\",\"@graph\":[{\"@type\":\"WebPage\",\"@id\":\"https:\\\/\\\/bikersdays.com\\\/de\\\/transport-de-votre-moto\\\/\",\"url\":\"https:\\\/\\\/bikersdays.com\\\/de\\\/transport-de-votre-moto\\\/\",\"name\":\"Transport der Motorr\u00e4der - Bikers&#039; Days\",\"isPartOf\":{\"@id\":\"https:\\\/\\\/bikersdays.com\\\/de\\\/#website\"},\"datePublished\":\"2020-11-05T08:02:15+00:00\",\"dateModified\":\"2025-12-12T13:34:51+00:00\",\"breadcrumb\":{\"@id\":\"https:\\\/\\\/bikersdays.com\\\/de\\\/transport-de-votre-moto\\\/#breadcrumb\"},\"inLanguage\":\"de\",\"potentialAction\":[{\"@type\":\"ReadAction\",\"target\":[\"https:\\\/\\\/bikersdays.com\\\/de\\\/transport-de-votre-moto\\\/\"]}]},{\"@type\":\"BreadcrumbList\",\"@id\":\"https:\\\/\\\/bikersdays.com\\\/de\\\/transport-de-votre-moto\\\/#breadcrumb\",\"itemListElement\":[{\"@type\":\"ListItem\",\"position\":1,\"name\":\"Accueil\",\"item\":\"https:\\\/\\\/bikersdays.com\\\/de\\\/\"},{\"@type\":\"ListItem\",\"position\":2,\"name\":\"Transport der Motorr\u00e4der\"}]},{\"@type\":\"WebSite\",\"@id\":\"https:\\\/\\\/bikersdays.com\\\/de\\\/#website\",\"url\":\"https:\\\/\\\/bikersdays.com\\\/de\\\/\",\"name\":\"Bikers&#039; Days\",\"description\":\"\",\"potentialAction\":[{\"@type\":\"SearchAction\",\"target\":{\"@type\":\"EntryPoint\",\"urlTemplate\":\"https:\\\/\\\/bikersdays.com\\\/de\\\/?s={search_term_string}\"},\"query-input\":{\"@type\":\"PropertyValueSpecification\",\"valueRequired\":true,\"valueName\":\"search_term_string\"}}],\"inLanguage\":\"de\"}]}<\/script>\n<!-- \/ Yoast SEO plugin. -->","yoast_head_json":{"title":"Transport der Motorr\u00e4der - Bikers&#039; Days","robots":{"index":"index","follow":"follow","max-snippet":"max-snippet:-1","max-image-preview":"max-image-preview:large","max-video-preview":"max-video-preview:-1"},"canonical":"https:\/\/bikersdays.com\/de\/transport-de-votre-moto\/","og_locale":"de_DE","og_type":"article","og_title":"Transport der Motorr\u00e4der - Bikers&#039; Days","og_description":"F\u00fcr die Veranstaltungen au\u00dferhalb Belgiens bieten wir den Transport der Motorr\u00e4der an. Ihr Motorrad muss in unserem Lager in Theux [&hellip;]","og_url":"https:\/\/bikersdays.com\/de\/transport-de-votre-moto\/","og_site_name":"Bikers&#039; Days","article_modified_time":"2025-12-12T13:34:51+00:00","twitter_card":"summary_large_image","twitter_misc":{"Gesch\u00e4tzte Lesezeit":"1\u00a0Minute"},"schema":{"@context":"https:\/\/schema.org","@graph":[{"@type":"WebPage","@id":"https:\/\/bikersdays.com\/de\/transport-de-votre-moto\/","url":"https:\/\/bikersdays.com\/de\/transport-de-votre-moto\/","name":"Transport der Motorr\u00e4der - Bikers&#039; Days","isPartOf":{"@id":"https:\/\/bikersdays.com\/de\/#website"},"datePublished":"2020-11-05T08:02:15+00:00","dateModified":"2025-12-12T13:34:51+00:00","breadcrumb":{"@id":"https:\/\/bikersdays.com\/de\/transport-de-votre-moto\/#breadcrumb"},"inLanguage":"de","potentialAction":[{"@type":"ReadAction","target":["https:\/\/bikersdays.com\/de\/transport-de-votre-moto\/"]}]},{"@type":"BreadcrumbList","@id":"https:\/\/bikersdays.com\/de\/transport-de-votre-moto\/#breadcrumb","itemListElement":[{"@type":"ListItem","position":1,"name":"Accueil","item":"https:\/\/bikersdays.com\/de\/"},{"@type":"ListItem","position":2,"name":"Transport der Motorr\u00e4der"}]},{"@type":"WebSite","@id":"https:\/\/bikersdays.com\/de\/#website","url":"https:\/\/bikersdays.com\/de\/","name":"Bikers&#039; Days","description":"","potentialAction":[{"@type":"SearchAction","target":{"@type":"EntryPoint","urlTemplate":"https:\/\/bikersdays.com\/de\/?s={search_term_string}"},"query-input":{"@type":"PropertyValueSpecification","valueRequired":true,"valueName":"search_term_string"}}],"inLanguage":"de"}]}},"_links":{"self":[{"href":"https:\/\/bikersdays.com\/de\/wp-json\/wp\/v2\/pages\/544","targetHints":{"allow":["GET"]}}],"collection":[{"href":"https:\/\/bikersdays.com\/de\/wp-json\/wp\/v2\/pages"}],"about":[{"href":"https:\/\/bikersdays.com\/de\/wp-json\/wp\/v2\/types\/page"}],"author":[{"embeddable":true,"href":"https:\/\/bikersdays.com\/de\/wp-json\/wp\/v2\/users\/2"}],"replies":[{"embeddable":true,"href":"https:\/\/bikersdays.com\/de\/wp-json\/wp\/v2\/comments?post=544"}],"version-history":[{"count":2,"href":"https:\/\/bikersdays.com\/de\/wp-json\/wp\/v2\/pages\/544\/revisions"}],"predecessor-version":[{"id":19212,"href":"https:\/\/bikersdays.com\/de\/wp-json\/wp\/v2\/pages\/544\/revisions\/19212"}],"wp:attachment":[{"href":"https:\/\/bikersdays.com\/de\/wp-json\/wp\/v2\/media?parent=544"}],"curies":[{"name":"wp","href":"https:\/\/api.w.org\/{rel}","templated":true}]}}