{"id":547,"date":"2020-11-05T09:01:58","date_gmt":"2020-11-05T08:01:58","guid":{"rendered":"https:\/\/www.dgsportnewwebseite.eu\/bikersdays\/moto-et-equipement\/"},"modified":"2023-05-03T15:52:50","modified_gmt":"2023-05-03T13:52:50","slug":"moto-et-equipement","status":"publish","type":"page","link":"https:\/\/bikersdays.com\/de\/moto-et-equipement\/","title":{"rendered":"Motorrad und Fahrerausr\u00fcstung"},"content":{"rendered":"\n<h2 class=\"wp-block-heading\">Motorrad<\/h2>\n\n\n\n<ul class=\"wp-block-list\">\n<li>Motorr\u00e4der unter Baujahr\u00a0<strong>1990\u00a0<\/strong>werden nicht akzeptiert (Touren- oder Sportmotorrad).<\/li>\n\n\n\n<li>Die Registrierung und Versicherung sind optional.<\/li>\n\n\n\n<li>Sofern nichts anders angegeben ist, sind Slick-Reifen erlaubt.<\/li>\n\n\n\n<li>Das Entfernen der R\u00fcckspiegel und Schildhalter ist Pflicht (der Blinker empfehlenswert).<\/li>\n\n\n\n<li>Das \u00dcberkleben der Scheinwerfer mit Klebeband ist Pflicht (um Glassplitter zu vermeiden).<\/li>\n\n\n\n<li>Die Reifen und Bremsen m\u00fcssen in bestem Zustand sein.<\/li>\n\n\n\n<li>Auspuffanlagen (s. g\u00fcltige <a href=\"https:\/\/www.dgsportnewwebseite.eu\/bikersdays\/de\/normes-de-bruit\/\">L\u00e4rmbegrenzung<\/a>). Bitte \u00fcberpr\u00fcfen Sie, die pro Schaltung vorgeschriebenen Ger\u00e4uschestandards<\/li>\n\n\n\n<li>GoPro oder andere &#8222;On-Board&#8220;-Kamera:\n<ul class=\"wp-block-list\">\n<li>Der Aufsatz muss mit Klammern gesichert werden, um zu verhindern, dass die Kamera wegfliegt, falls der Aufsatz bricht. Auf dem Helm ist die Kamera verboten.<\/li>\n\n\n\n<li> Einige Rennstrecken verbieten Kameras, wie Misano, Imola und Mugello.<\/li>\n<\/ul>\n<\/li>\n<\/ul>\n\n\n\n<h2 class=\"wp-block-heading\">Fahrerausr\u00fcstung<\/h2>\n\n\n\n<p>Sicherheitsausr\u00fcstung ist verpflichtet&nbsp;:<\/p>\n\n\n\n<ul class=\"wp-block-list\">\n<li>Lederkombi (einteilig &#8211; zweiteilig mit Reissverschluss versehen wird jedoch toleriert)<\/li>\n\n\n\n<li>Integraler Helm<\/li>\n\n\n\n<li>Lederhandschuhe<\/li>\n\n\n\n<li>Lederstiefel<\/li>\n\n\n\n<li>R\u00fcckenschutz ist <strong>PFLICHT<\/strong> !<\/li>\n<\/ul>\n\n\n\n<p>Im Falle eines Sturzes bieten andere Arten von Textilkleidung &#8211; selbst wenn sie mit Protektoren ausgestattet sind &#8211; keinen ausreichenden Schutz, und sind deswegen nicht zugelassen.<\/p>\n","protected":false},"excerpt":{"rendered":"<p>Motorrad Fahrerausr\u00fcstung Sicherheitsausr\u00fcstung ist verpflichtet&nbsp;: Im Falle eines Sturzes bieten andere Arten von Textilkleidung &#8211; selbst wenn sie mit Protektoren [&hellip;]<\/p>\n","protected":false},"author":2,"featured_media":0,"parent":0,"menu_order":0,"comment_status":"closed","ping_status":"closed","template":"","meta":{"_acf_changed":false,"footnotes":""},"class_list":["post-547","page","type-page","status-publish","hentry"],"acf":{"vhrs":null},"yoast_head":"<!-- This site is optimized with the Yoast SEO plugin v27.5 - https:\/\/yoast.com\/product\/yoast-seo-wordpress\/ -->\n<title>Motorrad und Fahrerausr\u00fcstung - Bikers&#039; Days<\/title>\n<meta name=\"robots\" content=\"index, follow, max-snippet:-1, max-image-preview:large, max-video-preview:-1\" \/>\n<link rel=\"canonical\" href=\"https:\/\/bikersdays.com\/de\/moto-et-equipement\/\" \/>\n<meta property=\"og:locale\" content=\"de_DE\" \/>\n<meta property=\"og:type\" content=\"article\" \/>\n<meta property=\"og:title\" content=\"Motorrad und Fahrerausr\u00fcstung - Bikers&#039; Days\" \/>\n<meta property=\"og:description\" content=\"Motorrad Fahrerausr\u00fcstung Sicherheitsausr\u00fcstung ist verpflichtet&nbsp;: Im Falle eines Sturzes bieten andere Arten von Textilkleidung &#8211; selbst wenn sie mit Protektoren [&hellip;]\" \/>\n<meta property=\"og:url\" content=\"https:\/\/bikersdays.com\/de\/moto-et-equipement\/\" \/>\n<meta property=\"og:site_name\" content=\"Bikers&#039; Days\" \/>\n<meta property=\"article:modified_time\" content=\"2023-05-03T13:52:50+00:00\" \/>\n<meta name=\"twitter:card\" content=\"summary_large_image\" \/>\n<meta name=\"twitter:label1\" content=\"Gesch\u00e4tzte Lesezeit\" \/>\n\t<meta name=\"twitter:data1\" content=\"1\u00a0Minute\" \/>\n<script type=\"application\/ld+json\" class=\"yoast-schema-graph\">{\"@context\":\"https:\\\/\\\/schema.org\",\"@graph\":[{\"@type\":\"WebPage\",\"@id\":\"https:\\\/\\\/bikersdays.com\\\/de\\\/moto-et-equipement\\\/\",\"url\":\"https:\\\/\\\/bikersdays.com\\\/de\\\/moto-et-equipement\\\/\",\"name\":\"Motorrad und Fahrerausr\u00fcstung - Bikers&#039; Days\",\"isPartOf\":{\"@id\":\"https:\\\/\\\/bikersdays.com\\\/de\\\/#website\"},\"datePublished\":\"2020-11-05T08:01:58+00:00\",\"dateModified\":\"2023-05-03T13:52:50+00:00\",\"breadcrumb\":{\"@id\":\"https:\\\/\\\/bikersdays.com\\\/de\\\/moto-et-equipement\\\/#breadcrumb\"},\"inLanguage\":\"de\",\"potentialAction\":[{\"@type\":\"ReadAction\",\"target\":[\"https:\\\/\\\/bikersdays.com\\\/de\\\/moto-et-equipement\\\/\"]}]},{\"@type\":\"BreadcrumbList\",\"@id\":\"https:\\\/\\\/bikersdays.com\\\/de\\\/moto-et-equipement\\\/#breadcrumb\",\"itemListElement\":[{\"@type\":\"ListItem\",\"position\":1,\"name\":\"Accueil\",\"item\":\"https:\\\/\\\/bikersdays.com\\\/de\\\/\"},{\"@type\":\"ListItem\",\"position\":2,\"name\":\"Motorrad und Fahrerausr\u00fcstung\"}]},{\"@type\":\"WebSite\",\"@id\":\"https:\\\/\\\/bikersdays.com\\\/de\\\/#website\",\"url\":\"https:\\\/\\\/bikersdays.com\\\/de\\\/\",\"name\":\"Bikers&#039; Days\",\"description\":\"\",\"potentialAction\":[{\"@type\":\"SearchAction\",\"target\":{\"@type\":\"EntryPoint\",\"urlTemplate\":\"https:\\\/\\\/bikersdays.com\\\/de\\\/?s={search_term_string}\"},\"query-input\":{\"@type\":\"PropertyValueSpecification\",\"valueRequired\":true,\"valueName\":\"search_term_string\"}}],\"inLanguage\":\"de\"}]}<\/script>\n<!-- \/ Yoast SEO plugin. -->","yoast_head_json":{"title":"Motorrad und Fahrerausr\u00fcstung - Bikers&#039; Days","robots":{"index":"index","follow":"follow","max-snippet":"max-snippet:-1","max-image-preview":"max-image-preview:large","max-video-preview":"max-video-preview:-1"},"canonical":"https:\/\/bikersdays.com\/de\/moto-et-equipement\/","og_locale":"de_DE","og_type":"article","og_title":"Motorrad und Fahrerausr\u00fcstung - Bikers&#039; Days","og_description":"Motorrad Fahrerausr\u00fcstung Sicherheitsausr\u00fcstung ist verpflichtet&nbsp;: Im Falle eines Sturzes bieten andere Arten von Textilkleidung &#8211; selbst wenn sie mit Protektoren [&hellip;]","og_url":"https:\/\/bikersdays.com\/de\/moto-et-equipement\/","og_site_name":"Bikers&#039; Days","article_modified_time":"2023-05-03T13:52:50+00:00","twitter_card":"summary_large_image","twitter_misc":{"Gesch\u00e4tzte Lesezeit":"1\u00a0Minute"},"schema":{"@context":"https:\/\/schema.org","@graph":[{"@type":"WebPage","@id":"https:\/\/bikersdays.com\/de\/moto-et-equipement\/","url":"https:\/\/bikersdays.com\/de\/moto-et-equipement\/","name":"Motorrad und Fahrerausr\u00fcstung - Bikers&#039; Days","isPartOf":{"@id":"https:\/\/bikersdays.com\/de\/#website"},"datePublished":"2020-11-05T08:01:58+00:00","dateModified":"2023-05-03T13:52:50+00:00","breadcrumb":{"@id":"https:\/\/bikersdays.com\/de\/moto-et-equipement\/#breadcrumb"},"inLanguage":"de","potentialAction":[{"@type":"ReadAction","target":["https:\/\/bikersdays.com\/de\/moto-et-equipement\/"]}]},{"@type":"BreadcrumbList","@id":"https:\/\/bikersdays.com\/de\/moto-et-equipement\/#breadcrumb","itemListElement":[{"@type":"ListItem","position":1,"name":"Accueil","item":"https:\/\/bikersdays.com\/de\/"},{"@type":"ListItem","position":2,"name":"Motorrad und Fahrerausr\u00fcstung"}]},{"@type":"WebSite","@id":"https:\/\/bikersdays.com\/de\/#website","url":"https:\/\/bikersdays.com\/de\/","name":"Bikers&#039; Days","description":"","potentialAction":[{"@type":"SearchAction","target":{"@type":"EntryPoint","urlTemplate":"https:\/\/bikersdays.com\/de\/?s={search_term_string}"},"query-input":{"@type":"PropertyValueSpecification","valueRequired":true,"valueName":"search_term_string"}}],"inLanguage":"de"}]}},"_links":{"self":[{"href":"https:\/\/bikersdays.com\/de\/wp-json\/wp\/v2\/pages\/547","targetHints":{"allow":["GET"]}}],"collection":[{"href":"https:\/\/bikersdays.com\/de\/wp-json\/wp\/v2\/pages"}],"about":[{"href":"https:\/\/bikersdays.com\/de\/wp-json\/wp\/v2\/types\/page"}],"author":[{"embeddable":true,"href":"https:\/\/bikersdays.com\/de\/wp-json\/wp\/v2\/users\/2"}],"replies":[{"embeddable":true,"href":"https:\/\/bikersdays.com\/de\/wp-json\/wp\/v2\/comments?post=547"}],"version-history":[{"count":0,"href":"https:\/\/bikersdays.com\/de\/wp-json\/wp\/v2\/pages\/547\/revisions"}],"wp:attachment":[{"href":"https:\/\/bikersdays.com\/de\/wp-json\/wp\/v2\/media?parent=547"}],"curies":[{"name":"wp","href":"https:\/\/api.w.org\/{rel}","templated":true}]}}