{"id":550,"date":"2020-11-05T09:01:42","date_gmt":"2020-11-05T08:01:42","guid":{"rendered":"https:\/\/www.dgsportnewwebseite.eu\/bikersdays\/normes-de-bruit\/"},"modified":"2023-05-03T16:08:06","modified_gmt":"2023-05-03T14:08:06","slug":"normes-de-bruit","status":"publish","type":"page","link":"https:\/\/bikersdays.com\/de\/normes-de-bruit\/","title":{"rendered":"L\u00e4rmbegrenzung"},"content":{"rendered":"\n<p>Der Kampf gegen den L\u00e4rm ist heute allgegenw\u00e4rtig. Deshalb werden auf den europ\u00e4ischen Rennstrecken Kontrollen durchgef\u00fchrt.<\/p>\n\n\n\n<p>F\u00fcr jede Veranstaltung wird eine bestimmte Grenze festgelegt, die nicht \u00fcberschritten werden darf:<\/p>\n\n\n\n<ul class=\"wp-block-list\">\n<li>Spa-Francorchamps : 100 dB\n<ul class=\"wp-block-list\">\n<li>statische Kontrolle: Das Mikrofon wird in einem Abstand von einem Meter vom Auspuffrohr in einem Winkel von 45\u00b0 angebracht, wobei der Motor unabh\u00e4ngig von Hubraum und Zylinderzahl mit 8000 U\/min l\u00e4uft.<\/li>\n\n\n\n<li>dynamische Kontrolle<\/li>\n<\/ul>\n<\/li>\n\n\n\n<li>Mettet\n<ul class=\"wp-block-list\">\n<li>statische Kontrolle  : 94 dB &#8211; f\u00fcr die zwei schnellsten Gruppen vor dem Aufstieg auf der Rennstrecke<\/li>\n\n\n\n<li>dynamische Kontrolle : 101 dB<\/li>\n<\/ul>\n<\/li>\n\n\n\n<li>Misano : 103 dB\n<ul class=\"wp-block-list\">\n<li>dynamische Kontrolle&nbsp;<\/li>\n\n\n\n<li>Pot d\u2019\u00e9chappement d\u2019origine ou pot avec dB killer obligatoire<\/li>\n<\/ul>\n<\/li>\n\n\n\n<li>Mugello : 105\u00a0dB\n<ul class=\"wp-block-list\">\n<li>dynamische Kontrolle<\/li>\n<\/ul>\n<\/li>\n\n\n\n<li>Imola : 100 dB\n<ul class=\"wp-block-list\">\n<li>dynamische Kontrolle<\/li>\n<\/ul>\n<\/li>\n\n\n\n<li>Le Mans : 102 dB\n<ul class=\"wp-block-list\">\n<li>dynamische Kontrolle<\/li>\n<\/ul>\n<\/li>\n\n\n\n<li>Assen : 100 dB\n<ul class=\"wp-block-list\">\n<li>dynamische Kontrolle<\/li>\n<\/ul>\n<\/li>\n<\/ul>\n\n\n\n<p>Jeder Teilnehmer der diese Norm \u00fcberschreitet bekommt eine Schwarze Flagge als Warnung.\u00a0Wenn wir jedoch ein zweites Delikt feststellen, dann werden Sie sofort ausgewiesen.<\/p>\n\n\n\n<p><strong><strong>WIR WEISEN EBENFALLS AUF FOLGENDE PUNKTE:<\/strong><\/strong><\/p>\n\n\n\n<ul class=\"wp-block-list\">\n<li>Der dB Killer darf kein Eigenbau sein: er mu\u00df homologiert und kommerzialisiert sein.<\/li>\n\n\n\n<li>Die Patronen des Racing-Auspuffs m\u00fcssen regelm\u00e4\u00dfig ausgewechselt werden, da sie auf Dauer an Wirkung verlieren.<\/li>\n\n\n\n<li>Einige Maschinen \u00fcbertreten die Normen, obwohl sie mit einem Originalauspuff ausgestattet sind.&nbsp;Beispiel: Ducati Desmosedici.<\/li>\n\n\n\n<li>Im Zweifelsfall, entscheiden Sie sich f\u00fcr eine seri\u00f6se und effiziente L\u00f6sung, die Ihnen schwer zu l\u00f6sende Probleme vor Ort erspart.<\/li>\n<\/ul>\n","protected":false},"excerpt":{"rendered":"<p>Der Kampf gegen den L\u00e4rm ist heute allgegenw\u00e4rtig. Deshalb werden auf den europ\u00e4ischen Rennstrecken Kontrollen durchgef\u00fchrt. F\u00fcr jede Veranstaltung wird [&hellip;]<\/p>\n","protected":false},"author":2,"featured_media":0,"parent":0,"menu_order":0,"comment_status":"closed","ping_status":"closed","template":"","meta":{"_acf_changed":false,"footnotes":""},"class_list":["post-550","page","type-page","status-publish","hentry"],"acf":{"vhrs":null},"yoast_head":"<!-- This site is optimized with the Yoast SEO plugin v27.5 - https:\/\/yoast.com\/product\/yoast-seo-wordpress\/ -->\n<title>L\u00e4rmbegrenzung - Bikers&#039; Days<\/title>\n<meta name=\"robots\" content=\"index, follow, max-snippet:-1, max-image-preview:large, max-video-preview:-1\" \/>\n<link rel=\"canonical\" href=\"https:\/\/bikersdays.com\/de\/normes-de-bruit\/\" \/>\n<meta property=\"og:locale\" content=\"de_DE\" \/>\n<meta property=\"og:type\" content=\"article\" \/>\n<meta property=\"og:title\" content=\"L\u00e4rmbegrenzung - Bikers&#039; Days\" \/>\n<meta property=\"og:description\" content=\"Der Kampf gegen den L\u00e4rm ist heute allgegenw\u00e4rtig. Deshalb werden auf den europ\u00e4ischen Rennstrecken Kontrollen durchgef\u00fchrt. F\u00fcr jede Veranstaltung wird [&hellip;]\" \/>\n<meta property=\"og:url\" content=\"https:\/\/bikersdays.com\/de\/normes-de-bruit\/\" \/>\n<meta property=\"og:site_name\" content=\"Bikers&#039; Days\" \/>\n<meta property=\"article:modified_time\" content=\"2023-05-03T14:08:06+00:00\" \/>\n<meta name=\"twitter:card\" content=\"summary_large_image\" \/>\n<meta name=\"twitter:label1\" content=\"Gesch\u00e4tzte Lesezeit\" \/>\n\t<meta name=\"twitter:data1\" content=\"2\u00a0Minuten\" \/>\n<script type=\"application\/ld+json\" class=\"yoast-schema-graph\">{\"@context\":\"https:\\\/\\\/schema.org\",\"@graph\":[{\"@type\":\"WebPage\",\"@id\":\"https:\\\/\\\/bikersdays.com\\\/de\\\/normes-de-bruit\\\/\",\"url\":\"https:\\\/\\\/bikersdays.com\\\/de\\\/normes-de-bruit\\\/\",\"name\":\"L\u00e4rmbegrenzung - Bikers&#039; Days\",\"isPartOf\":{\"@id\":\"https:\\\/\\\/bikersdays.com\\\/de\\\/#website\"},\"datePublished\":\"2020-11-05T08:01:42+00:00\",\"dateModified\":\"2023-05-03T14:08:06+00:00\",\"breadcrumb\":{\"@id\":\"https:\\\/\\\/bikersdays.com\\\/de\\\/normes-de-bruit\\\/#breadcrumb\"},\"inLanguage\":\"de\",\"potentialAction\":[{\"@type\":\"ReadAction\",\"target\":[\"https:\\\/\\\/bikersdays.com\\\/de\\\/normes-de-bruit\\\/\"]}]},{\"@type\":\"BreadcrumbList\",\"@id\":\"https:\\\/\\\/bikersdays.com\\\/de\\\/normes-de-bruit\\\/#breadcrumb\",\"itemListElement\":[{\"@type\":\"ListItem\",\"position\":1,\"name\":\"Accueil\",\"item\":\"https:\\\/\\\/bikersdays.com\\\/de\\\/\"},{\"@type\":\"ListItem\",\"position\":2,\"name\":\"L\u00e4rmbegrenzung\"}]},{\"@type\":\"WebSite\",\"@id\":\"https:\\\/\\\/bikersdays.com\\\/de\\\/#website\",\"url\":\"https:\\\/\\\/bikersdays.com\\\/de\\\/\",\"name\":\"Bikers&#039; Days\",\"description\":\"\",\"potentialAction\":[{\"@type\":\"SearchAction\",\"target\":{\"@type\":\"EntryPoint\",\"urlTemplate\":\"https:\\\/\\\/bikersdays.com\\\/de\\\/?s={search_term_string}\"},\"query-input\":{\"@type\":\"PropertyValueSpecification\",\"valueRequired\":true,\"valueName\":\"search_term_string\"}}],\"inLanguage\":\"de\"}]}<\/script>\n<!-- \/ Yoast SEO plugin. -->","yoast_head_json":{"title":"L\u00e4rmbegrenzung - Bikers&#039; Days","robots":{"index":"index","follow":"follow","max-snippet":"max-snippet:-1","max-image-preview":"max-image-preview:large","max-video-preview":"max-video-preview:-1"},"canonical":"https:\/\/bikersdays.com\/de\/normes-de-bruit\/","og_locale":"de_DE","og_type":"article","og_title":"L\u00e4rmbegrenzung - Bikers&#039; Days","og_description":"Der Kampf gegen den L\u00e4rm ist heute allgegenw\u00e4rtig. Deshalb werden auf den europ\u00e4ischen Rennstrecken Kontrollen durchgef\u00fchrt. F\u00fcr jede Veranstaltung wird [&hellip;]","og_url":"https:\/\/bikersdays.com\/de\/normes-de-bruit\/","og_site_name":"Bikers&#039; Days","article_modified_time":"2023-05-03T14:08:06+00:00","twitter_card":"summary_large_image","twitter_misc":{"Gesch\u00e4tzte Lesezeit":"2\u00a0Minuten"},"schema":{"@context":"https:\/\/schema.org","@graph":[{"@type":"WebPage","@id":"https:\/\/bikersdays.com\/de\/normes-de-bruit\/","url":"https:\/\/bikersdays.com\/de\/normes-de-bruit\/","name":"L\u00e4rmbegrenzung - Bikers&#039; Days","isPartOf":{"@id":"https:\/\/bikersdays.com\/de\/#website"},"datePublished":"2020-11-05T08:01:42+00:00","dateModified":"2023-05-03T14:08:06+00:00","breadcrumb":{"@id":"https:\/\/bikersdays.com\/de\/normes-de-bruit\/#breadcrumb"},"inLanguage":"de","potentialAction":[{"@type":"ReadAction","target":["https:\/\/bikersdays.com\/de\/normes-de-bruit\/"]}]},{"@type":"BreadcrumbList","@id":"https:\/\/bikersdays.com\/de\/normes-de-bruit\/#breadcrumb","itemListElement":[{"@type":"ListItem","position":1,"name":"Accueil","item":"https:\/\/bikersdays.com\/de\/"},{"@type":"ListItem","position":2,"name":"L\u00e4rmbegrenzung"}]},{"@type":"WebSite","@id":"https:\/\/bikersdays.com\/de\/#website","url":"https:\/\/bikersdays.com\/de\/","name":"Bikers&#039; Days","description":"","potentialAction":[{"@type":"SearchAction","target":{"@type":"EntryPoint","urlTemplate":"https:\/\/bikersdays.com\/de\/?s={search_term_string}"},"query-input":{"@type":"PropertyValueSpecification","valueRequired":true,"valueName":"search_term_string"}}],"inLanguage":"de"}]}},"_links":{"self":[{"href":"https:\/\/bikersdays.com\/de\/wp-json\/wp\/v2\/pages\/550","targetHints":{"allow":["GET"]}}],"collection":[{"href":"https:\/\/bikersdays.com\/de\/wp-json\/wp\/v2\/pages"}],"about":[{"href":"https:\/\/bikersdays.com\/de\/wp-json\/wp\/v2\/types\/page"}],"author":[{"embeddable":true,"href":"https:\/\/bikersdays.com\/de\/wp-json\/wp\/v2\/users\/2"}],"replies":[{"embeddable":true,"href":"https:\/\/bikersdays.com\/de\/wp-json\/wp\/v2\/comments?post=550"}],"version-history":[{"count":0,"href":"https:\/\/bikersdays.com\/de\/wp-json\/wp\/v2\/pages\/550\/revisions"}],"wp:attachment":[{"href":"https:\/\/bikersdays.com\/de\/wp-json\/wp\/v2\/media?parent=550"}],"curies":[{"name":"wp","href":"https:\/\/api.w.org\/{rel}","templated":true}]}}