{"id":553,"date":"2020-11-05T09:01:28","date_gmt":"2020-11-05T08:01:28","guid":{"rendered":"https:\/\/www.dgsportnewwebseite.eu\/bikersdays\/assurance\/"},"modified":"2025-10-06T10:26:00","modified_gmt":"2025-10-06T08:26:00","slug":"assurance","status":"publish","type":"page","link":"https:\/\/bikersdays.com\/de\/assurance\/","title":{"rendered":"Versicherung"},"content":{"rendered":"\n<h2 class=\"wp-block-heading\"><mark style=\"background-color:#ffffff\" class=\"has-inline-color has-vivid-red-color\">Individuelle Versicherung<\/mark><\/h2>\n\n\n\n<p>Es ist von wesentlicher Bedeutung, dass sich der Fahrer der erheblichen Risiken bewusst ist, die mit dem Motorradfahren verbunden sind, und dass er sich vergewissert, dass seine Versicherung ihn im Falle eines Unfalls auf der Rennstrecke abdeckt, was bei den meisten &#8222;Standard&#8220;-Vertr\u00e4gen nicht der Fall ist.<\/p>\n\n\n\n<p>Um richtig versichert zu sein, stehen den Teilnehmern mehrere Optionen zur Verf\u00fcgung:<\/p>\n\n\n\n<ul class=\"wp-block-list\">\n<li>Schlie\u00dfen Sie eine &#8222;Trainings&#8220;-Lizenz bei Ihrem nationalen Verband ab (pr\u00fcfen Sie die Bedingungen!)<\/li>\n\n\n\n<li>Schlie\u00dfen Sie eine Versicherung \u00fcber einen privaten Versicherer<\/li>\n\n\n\n<li>Nehmen Sie ein Silver Card (Jahresversicherung, siehe <a href=\"https:\/\/bikersdays.com\/wp-content\/uploads\/sites\/6\/Assurance-BD25-av-conditions-gen.pdf\">Bedingungen<\/a>), Sie k\u00f6nnen Ihre Silver Card auf unserem <a href=\"https:\/\/booking.dgsport.eu\/fr\/56-silver-card\">Webshop<\/a> bestellen).<\/li>\n<\/ul>\n\n\n\n<p>Bei einigen Fahrten (Valencia,&#8230;) m\u00fcssen Sie uns VOR der Fahrt einen Nachweis Ihrer Versicherung vorlegen.<\/p>\n\n\n\n<p><strong><strong>Bitte beachten Sie, dass das Motorradfahren auf einer Rennstrecke nicht durch Ihre Europ\u00e4ische Krankenversicherungskarte abgedeckt ist (ehemals das Formular&nbsp;&nbsp;E111).<\/strong><\/strong><\/p>\n\n\n\n<h2 class=\"wp-block-heading has-vivid-red-color has-text-color\">Annullierungsversicherung<\/h2>\n\n\n\n<p>Sie k\u00f6nnen f\u00fcr all unsere Veranstaltungen bei der Buchung eine R\u00fccktrittsversicherung abschlie\u00dfen. Die Allgemeinen Gesch\u00e4ftsbedingungen finden Sie <a href=\"https:\/\/bikersdays.com\/wp-content\/uploads\/sites\/6\/Conditions-assurance-DE-2026.pdf\">hier<\/a>.<\/p>\n\n\n\n<p>Garantien: <\/p>\n\n\n\n<p><\/p>\n\n\n\n<h2 class=\"wp-block-heading\">Stornierungsgr\u00fcnde, die zu&nbsp;<strong>100% \u00fcbernommen<\/strong>&nbsp;werden<\/h2>\n\n\n\n<ul class=\"wp-block-list\">\n<li>K\u00f6rperlicher Unfall oder Krankheit des Versicherten, die zur Folge hat, dass er nicht in der Lage ist, sich zum&nbsp;Track-Day&nbsp;-Ereignis zu begeben;<\/li>\n\n\n\n<li>K\u00f6rperlicher Unfall, Krankheit oder Tod eines nahen Verwandten der versicherten Person, au\u00dfer wenn die betroffene Person \u00e4lter als 75 Jahre ist ;<\/li>\n\n\n\n<li>Geburt eines Kindes oder Enkelkindes der versicherten Person innerhalb von 7 Tagen vor dem&nbsp;Track-Day&nbsp;-Ereignis;<\/li>\n\n\n\n<li>Vorladung der versicherten Person als Geschworener oder Zeuge f\u00fcr den\/die Tag(e) des Fahrereignisses, sofern diese Vorladung der versicherten Person zum Zeitpunkt der Buchung des Fahrereignisses nicht bekannt war;<\/li>\n\n\n\n<li>Einberufung des Versicherten zu einer Wiederholungspr\u00fcfung am Tag des Fahrereignisses, vorausgesetzt, dass das Nichtbestehen der Pr\u00fcfung und das Datum der Wiederholungspr\u00fcfung dem Versicherten zum Zeitpunkt der Buchung des Fahrereignisses noch nicht bekannt waren;<\/li>\n\n\n\n<li>Diebstahl von Ausweispapieren (Personalausweis oder Reisepass), die der Versicherte ben\u00f6tigt, um sich zum Ort der Veranstaltung zu begeben oder daran teilzunehmen, innerhalb eines Monats vor der Veranstaltung und nach der Buchung der Veranstaltung, vorausgesetzt, der Diebstahl wird bei der zust\u00e4ndigen Polizeibeh\u00f6rde angezeigt;<\/li>\n\n\n\n<li>Diebstahl des f\u00fcr das&nbsp;Track-Day-Ereignis angemeldeten Fahrzeugs in der Woche vor dem&nbsp;Track-Day&nbsp;-Ereignis.<\/li>\n<\/ul>\n\n\n\n<h2 class=\"wp-block-heading\">Stornierungsgr\u00fcnde, die zu&nbsp;<strong>70% \u00fcbernommen<\/strong>&nbsp;werden<\/h2>\n\n\n\n<ul class=\"wp-block-list\">\n<li>Streichung von Urlaub, der f\u00fcr das Fahrtenereignis vorgesehen war und zuvor vom Arbeitgeber genehmigt worden war ;<\/li>\n\n\n\n<li>Das Fahrzeug des Versicherten bleibt bis zum Tag des Ereignisses stehen, vorausgesetzt, es ist die Folge eines Verkehrsunfalls oder einer mechanischen Panne (au\u00dfer Treibstoffmangel), die sich in den 24 Stunden vor dem Ereignis ereignet hat und die den&nbsp;Einsatz eines Pannenhelfers erforderlich macht;<\/li>\n\n\n\n<li>Berufliche Belastung des Versicherten, d. h. eine Gesch\u00e4ftsreise des Versicherten an dem\/den Tag(en) der Veranstaltung oder die Verpflichtung des Versicherten, sich zum Zeitpunkt der Veranstaltung an seinem Arbeitsplatz oder bei einem Gesch\u00e4ftstermin bei einem Lieferanten oder Kunden aufzuhalten, sofern diese berufliche Belastung dem Versicherten zum Zeitpunkt der Anmeldung zur Veranstaltung nicht bekannt war;<\/li>\n\n\n\n<li>Vorhergesagter Regen auf der Rennstrecke in den vier Tagen vor dem Tag oder den Tagen des Rennereignisses f\u00fcr den Tag oder die Tage des Rennereignisses gem\u00e4\u00df den Wetterberichten des KMI (K\u00f6nigliches Meteorologisches Institut &#8211; https:\/\/www.meteo.be\/fr\/belgique) oder eines ausl\u00e4ndischen \u00c4quivalents, wenn das Rennereignis in einem anderen Land stattfindet; Die Wettervorhersage muss mindestens 50 % Regen w\u00e4hrend der Rennstreckenzeit vorhersagen.<\/li>\n<\/ul>\n\n\n\n<p><strong><em>Achtung, besondere Ausschl\u00fcsse!&nbsp;<\/em><\/strong>Wie im Ausschlussparagrafen (unter Punkt 4.3 auf den Seiten 9 und 10) erw\u00e4hnt, besteht bei Fahrveranstaltungen, die Wettbewerben entsprechen, kein Anspruch auf Entsch\u00e4digung im Falle einer Stornierung aufgrund des folgenden Ereignisses: &#8222;F\u00fcr die Rennstrecke vorhergesagter Regen in den 4 Tagen vor dem Tag oder den Tagen der Fahrveranstaltung f\u00fcr den Tag oder die Tage der Fahrveranstaltung, wie durch die Wetterberichte von M\u00e9t\u00e9o France oder ihres ausl\u00e4ndischen Pendants best\u00e4tigt, wenn die Fahrveranstaltung in einem anderen Land stattfindet&#8220;.<\/p>\n\n\n\n<ul class=\"wp-block-list\">\n<li>Erhebliche Sachsch\u00e4den, die nach der Buchung des&nbsp;Track-Day&nbsp;-Ereignisses eintreten und sich auf den Wohnsitz des Versicherten oder die Gesch\u00e4ftsr\u00e4ume oder den landwirtschaftlichen Betrieb auswirken, deren Eigent\u00fcmer, Mieter oder unentgeltlicher Nutzer der Versicherte ist, sofern diese Sachsch\u00e4den zwingend die Anwesenheit des Versicherten am Tag des&nbsp;Track-Day-Ereignisses erfordern, um die notwendigen Sicherungsma\u00dfnahmen durchzuf\u00fchren.<\/li>\n<\/ul>\n\n\n\n<h2 class=\"wp-block-heading\">Gr\u00fcnde des Sturzes&nbsp;&nbsp;auf 50% (1)<\/h2>\n\n\n\n<ul class=\"wp-block-list\">\n<li>das f\u00fcr das Fahrereignis verwendete Fahrzeug ein Motorrad ist und das Motorrad nicht mehr fahrt\u00fcchtig ist und nicht mehr repariert werden kann ;<\/li>\n\n\n\n<li>das Mitglied w\u00e4hrend des Fahrereignisses gest\u00fcrzt ist und nicht weiterfahren kann;<\/li>\n<\/ul>\n\n\n\n<p>Um eine R\u00fcckerstattung zu erhalten, muss sich das Mitglied f\u00fcr mindestens zwei aufeinanderfolgende Kalendertage oder mindestens zwei Fahrtage an drei Kalendertagen angemeldet haben (z. B. Fahrten am Freitag und Sonntag w\u00e4hrend eines Fahrereignisses).<\/p>\n\n\n\n<p class=\"has-small-font-size\">(1) Gilt f\u00fcr Fahrten und Fahrtrainings au\u00dferhalb von Wettbewerben (Zeittraining,&nbsp;Warm-up, Rennen).<\/p>\n\n\n\n<p class=\"has-vivid-red-color has-text-color\"><mark style=\"background-color:#ffffff\" class=\"has-inline-color has-black-color\">WIE KANN MAN DIESE VERSICHERUNG ABSCHLIESSEN ?&nbsp;<\/mark><\/p>\n\n\n\n<p>Sie k\u00f6nnen f\u00fcr all unsere Veranstaltungen eine Sturz- und Reiser\u00fccktritts-versicherung abschlie\u00dfen. Bei der Bestellung in unserem Shop <a href=\"http:\/\/booking.dgsport.eu\" target=\"_blank\" rel=\"noreferrer noopener\">booking.dgsport.eu<\/a> k\u00f6nnen Sie w\u00e4hlen, ob Sie Ihr Fahren versichern m\u00f6chten oder nicht. Dazu m\u00fcssen Sie lediglich ein K\u00e4stchen ankreuzen und der Preis f\u00fcr die Versicherung wird direkt an Ihre Bestellung hinzuf\u00fcgt. Der Transport von Motorr\u00e4dern wird auch versichert.<\/p>\n\n\n\n<p><\/p>\n\n\n\n<p>* Im Falle einer unterschiedlichen Auslegung oder Bedeutung der englischen, niederl\u00e4ndischen, deutschen und franz\u00f6sischen Version der Erl\u00e4uterungen hier oben, ist die franz\u00f6sische Version ma\u00dfgeblich.<\/p>\n","protected":false},"excerpt":{"rendered":"<p>Individuelle Versicherung Es ist von wesentlicher Bedeutung, dass sich der Fahrer der erheblichen Risiken bewusst ist, die mit dem Motorradfahren [&hellip;]<\/p>\n","protected":false},"author":2,"featured_media":0,"parent":0,"menu_order":0,"comment_status":"closed","ping_status":"closed","template":"","meta":{"_acf_changed":false,"footnotes":""},"class_list":["post-553","page","type-page","status-publish","hentry"],"acf":{"vhrs":false},"yoast_head":"<!-- This site is optimized with the Yoast SEO plugin v27.5 - https:\/\/yoast.com\/product\/yoast-seo-wordpress\/ -->\n<title>Versicherung - Bikers&#039; Days<\/title>\n<meta name=\"robots\" content=\"index, follow, max-snippet:-1, max-image-preview:large, max-video-preview:-1\" \/>\n<link rel=\"canonical\" href=\"https:\/\/bikersdays.com\/de\/assurance\/\" \/>\n<meta property=\"og:locale\" content=\"de_DE\" \/>\n<meta property=\"og:type\" content=\"article\" \/>\n<meta property=\"og:title\" content=\"Versicherung - Bikers&#039; Days\" \/>\n<meta property=\"og:description\" content=\"Individuelle Versicherung Es ist von wesentlicher Bedeutung, dass sich der Fahrer der erheblichen Risiken bewusst ist, die mit dem Motorradfahren [&hellip;]\" \/>\n<meta property=\"og:url\" content=\"https:\/\/bikersdays.com\/de\/assurance\/\" \/>\n<meta property=\"og:site_name\" content=\"Bikers&#039; Days\" \/>\n<meta property=\"article:modified_time\" content=\"2025-10-06T08:26:00+00:00\" \/>\n<meta name=\"twitter:card\" content=\"summary_large_image\" \/>\n<meta name=\"twitter:label1\" content=\"Gesch\u00e4tzte Lesezeit\" \/>\n\t<meta name=\"twitter:data1\" content=\"5\u00a0Minuten\" \/>\n<script type=\"application\/ld+json\" class=\"yoast-schema-graph\">{\"@context\":\"https:\\\/\\\/schema.org\",\"@graph\":[{\"@type\":\"WebPage\",\"@id\":\"https:\\\/\\\/bikersdays.com\\\/de\\\/assurance\\\/\",\"url\":\"https:\\\/\\\/bikersdays.com\\\/de\\\/assurance\\\/\",\"name\":\"Versicherung - Bikers&#039; Days\",\"isPartOf\":{\"@id\":\"https:\\\/\\\/bikersdays.com\\\/de\\\/#website\"},\"datePublished\":\"2020-11-05T08:01:28+00:00\",\"dateModified\":\"2025-10-06T08:26:00+00:00\",\"breadcrumb\":{\"@id\":\"https:\\\/\\\/bikersdays.com\\\/de\\\/assurance\\\/#breadcrumb\"},\"inLanguage\":\"de\",\"potentialAction\":[{\"@type\":\"ReadAction\",\"target\":[\"https:\\\/\\\/bikersdays.com\\\/de\\\/assurance\\\/\"]}]},{\"@type\":\"BreadcrumbList\",\"@id\":\"https:\\\/\\\/bikersdays.com\\\/de\\\/assurance\\\/#breadcrumb\",\"itemListElement\":[{\"@type\":\"ListItem\",\"position\":1,\"name\":\"Accueil\",\"item\":\"https:\\\/\\\/bikersdays.com\\\/de\\\/\"},{\"@type\":\"ListItem\",\"position\":2,\"name\":\"Versicherung\"}]},{\"@type\":\"WebSite\",\"@id\":\"https:\\\/\\\/bikersdays.com\\\/de\\\/#website\",\"url\":\"https:\\\/\\\/bikersdays.com\\\/de\\\/\",\"name\":\"Bikers&#039; Days\",\"description\":\"\",\"potentialAction\":[{\"@type\":\"SearchAction\",\"target\":{\"@type\":\"EntryPoint\",\"urlTemplate\":\"https:\\\/\\\/bikersdays.com\\\/de\\\/?s={search_term_string}\"},\"query-input\":{\"@type\":\"PropertyValueSpecification\",\"valueRequired\":true,\"valueName\":\"search_term_string\"}}],\"inLanguage\":\"de\"}]}<\/script>\n<!-- \/ Yoast SEO plugin. -->","yoast_head_json":{"title":"Versicherung - Bikers&#039; Days","robots":{"index":"index","follow":"follow","max-snippet":"max-snippet:-1","max-image-preview":"max-image-preview:large","max-video-preview":"max-video-preview:-1"},"canonical":"https:\/\/bikersdays.com\/de\/assurance\/","og_locale":"de_DE","og_type":"article","og_title":"Versicherung - Bikers&#039; Days","og_description":"Individuelle Versicherung Es ist von wesentlicher Bedeutung, dass sich der Fahrer der erheblichen Risiken bewusst ist, die mit dem Motorradfahren [&hellip;]","og_url":"https:\/\/bikersdays.com\/de\/assurance\/","og_site_name":"Bikers&#039; Days","article_modified_time":"2025-10-06T08:26:00+00:00","twitter_card":"summary_large_image","twitter_misc":{"Gesch\u00e4tzte Lesezeit":"5\u00a0Minuten"},"schema":{"@context":"https:\/\/schema.org","@graph":[{"@type":"WebPage","@id":"https:\/\/bikersdays.com\/de\/assurance\/","url":"https:\/\/bikersdays.com\/de\/assurance\/","name":"Versicherung - Bikers&#039; Days","isPartOf":{"@id":"https:\/\/bikersdays.com\/de\/#website"},"datePublished":"2020-11-05T08:01:28+00:00","dateModified":"2025-10-06T08:26:00+00:00","breadcrumb":{"@id":"https:\/\/bikersdays.com\/de\/assurance\/#breadcrumb"},"inLanguage":"de","potentialAction":[{"@type":"ReadAction","target":["https:\/\/bikersdays.com\/de\/assurance\/"]}]},{"@type":"BreadcrumbList","@id":"https:\/\/bikersdays.com\/de\/assurance\/#breadcrumb","itemListElement":[{"@type":"ListItem","position":1,"name":"Accueil","item":"https:\/\/bikersdays.com\/de\/"},{"@type":"ListItem","position":2,"name":"Versicherung"}]},{"@type":"WebSite","@id":"https:\/\/bikersdays.com\/de\/#website","url":"https:\/\/bikersdays.com\/de\/","name":"Bikers&#039; Days","description":"","potentialAction":[{"@type":"SearchAction","target":{"@type":"EntryPoint","urlTemplate":"https:\/\/bikersdays.com\/de\/?s={search_term_string}"},"query-input":{"@type":"PropertyValueSpecification","valueRequired":true,"valueName":"search_term_string"}}],"inLanguage":"de"}]}},"_links":{"self":[{"href":"https:\/\/bikersdays.com\/de\/wp-json\/wp\/v2\/pages\/553","targetHints":{"allow":["GET"]}}],"collection":[{"href":"https:\/\/bikersdays.com\/de\/wp-json\/wp\/v2\/pages"}],"about":[{"href":"https:\/\/bikersdays.com\/de\/wp-json\/wp\/v2\/types\/page"}],"author":[{"embeddable":true,"href":"https:\/\/bikersdays.com\/de\/wp-json\/wp\/v2\/users\/2"}],"replies":[{"embeddable":true,"href":"https:\/\/bikersdays.com\/de\/wp-json\/wp\/v2\/comments?post=553"}],"version-history":[{"count":2,"href":"https:\/\/bikersdays.com\/de\/wp-json\/wp\/v2\/pages\/553\/revisions"}],"predecessor-version":[{"id":18641,"href":"https:\/\/bikersdays.com\/de\/wp-json\/wp\/v2\/pages\/553\/revisions\/18641"}],"wp:attachment":[{"href":"https:\/\/bikersdays.com\/de\/wp-json\/wp\/v2\/media?parent=553"}],"curies":[{"name":"wp","href":"https:\/\/api.w.org\/{rel}","templated":true}]}}