{"id":556,"date":"2020-11-05T09:01:07","date_gmt":"2020-11-05T08:01:07","guid":{"rendered":"https:\/\/www.dgsportnewwebseite.eu\/bikersdays\/annulation\/"},"modified":"2025-03-05T09:49:21","modified_gmt":"2025-03-05T08:49:21","slug":"annulation","status":"publish","type":"page","link":"https:\/\/bikersdays.com\/de\/annulation\/","title":{"rendered":"Stornierung"},"content":{"rendered":"\n<p class=\"has-vivid-red-color has-text-color\">F\u00fcr jede unserer Bikers&#8217;Days bieten wir eine R\u00fcckrittsversicherung an, die Sie bei der Bestellung abschie\u00dfen k\u00f6nnen.\u00a0Weitere Informationen finden Sie unter<strong>\u00a0<\/strong><a href=\"https:\/\/bikersdays.com\/assurance\/\">https:\/\/bikersdays.com\/assurance\/<\/a><\/p>\n","protected":false},"excerpt":{"rendered":"<p>F\u00fcr jede unserer Bikers&#8217;Days bieten wir eine R\u00fcckrittsversicherung an, die Sie bei der Bestellung abschie\u00dfen k\u00f6nnen.\u00a0Weitere Informationen finden Sie unter\u00a0https:\/\/bikersdays.com\/assurance\/<\/p>\n","protected":false},"author":2,"featured_media":0,"parent":0,"menu_order":0,"comment_status":"closed","ping_status":"closed","template":"","meta":{"_acf_changed":false,"footnotes":""},"class_list":["post-556","page","type-page","status-publish","hentry"],"acf":{"vhrs":false},"yoast_head":"<!-- This site is optimized with the Yoast SEO plugin v27.4 - https:\/\/yoast.com\/product\/yoast-seo-wordpress\/ -->\n<title>Stornierung - Bikers&#039; Days<\/title>\n<meta name=\"robots\" content=\"index, follow, max-snippet:-1, max-image-preview:large, max-video-preview:-1\" \/>\n<link rel=\"canonical\" href=\"https:\/\/bikersdays.com\/de\/annulation\/\" \/>\n<meta property=\"og:locale\" content=\"de_DE\" \/>\n<meta property=\"og:type\" content=\"article\" \/>\n<meta property=\"og:title\" content=\"Stornierung - Bikers&#039; Days\" \/>\n<meta property=\"og:description\" content=\"F\u00fcr jede unserer Bikers&#8217;Days bieten wir eine R\u00fcckrittsversicherung an, die Sie bei der Bestellung abschie\u00dfen k\u00f6nnen.\u00a0Weitere Informationen finden Sie unter\u00a0https:\/\/bikersdays.com\/assurance\/\" \/>\n<meta property=\"og:url\" content=\"https:\/\/bikersdays.com\/de\/annulation\/\" \/>\n<meta property=\"og:site_name\" content=\"Bikers&#039; Days\" \/>\n<meta property=\"article:modified_time\" content=\"2025-03-05T08:49:21+00:00\" \/>\n<meta name=\"twitter:card\" content=\"summary_large_image\" \/>\n<meta name=\"twitter:label1\" content=\"Gesch\u00e4tzte Lesezeit\" \/>\n\t<meta name=\"twitter:data1\" content=\"1\u00a0Minute\" \/>\n<script type=\"application\/ld+json\" class=\"yoast-schema-graph\">{\"@context\":\"https:\\\/\\\/schema.org\",\"@graph\":[{\"@type\":\"WebPage\",\"@id\":\"https:\\\/\\\/bikersdays.com\\\/de\\\/annulation\\\/\",\"url\":\"https:\\\/\\\/bikersdays.com\\\/de\\\/annulation\\\/\",\"name\":\"Stornierung - Bikers&#039; Days\",\"isPartOf\":{\"@id\":\"https:\\\/\\\/bikersdays.com\\\/de\\\/#website\"},\"datePublished\":\"2020-11-05T08:01:07+00:00\",\"dateModified\":\"2025-03-05T08:49:21+00:00\",\"breadcrumb\":{\"@id\":\"https:\\\/\\\/bikersdays.com\\\/de\\\/annulation\\\/#breadcrumb\"},\"inLanguage\":\"de\",\"potentialAction\":[{\"@type\":\"ReadAction\",\"target\":[\"https:\\\/\\\/bikersdays.com\\\/de\\\/annulation\\\/\"]}]},{\"@type\":\"BreadcrumbList\",\"@id\":\"https:\\\/\\\/bikersdays.com\\\/de\\\/annulation\\\/#breadcrumb\",\"itemListElement\":[{\"@type\":\"ListItem\",\"position\":1,\"name\":\"Accueil\",\"item\":\"https:\\\/\\\/bikersdays.com\\\/de\\\/\"},{\"@type\":\"ListItem\",\"position\":2,\"name\":\"Stornierung\"}]},{\"@type\":\"WebSite\",\"@id\":\"https:\\\/\\\/bikersdays.com\\\/de\\\/#website\",\"url\":\"https:\\\/\\\/bikersdays.com\\\/de\\\/\",\"name\":\"Bikers&#039; Days\",\"description\":\"\",\"potentialAction\":[{\"@type\":\"SearchAction\",\"target\":{\"@type\":\"EntryPoint\",\"urlTemplate\":\"https:\\\/\\\/bikersdays.com\\\/de\\\/?s={search_term_string}\"},\"query-input\":{\"@type\":\"PropertyValueSpecification\",\"valueRequired\":true,\"valueName\":\"search_term_string\"}}],\"inLanguage\":\"de\"}]}<\/script>\n<!-- \/ Yoast SEO plugin. -->","yoast_head_json":{"title":"Stornierung - Bikers&#039; Days","robots":{"index":"index","follow":"follow","max-snippet":"max-snippet:-1","max-image-preview":"max-image-preview:large","max-video-preview":"max-video-preview:-1"},"canonical":"https:\/\/bikersdays.com\/de\/annulation\/","og_locale":"de_DE","og_type":"article","og_title":"Stornierung - Bikers&#039; Days","og_description":"F\u00fcr jede unserer Bikers&#8217;Days bieten wir eine R\u00fcckrittsversicherung an, die Sie bei der Bestellung abschie\u00dfen k\u00f6nnen.\u00a0Weitere Informationen finden Sie unter\u00a0https:\/\/bikersdays.com\/assurance\/","og_url":"https:\/\/bikersdays.com\/de\/annulation\/","og_site_name":"Bikers&#039; Days","article_modified_time":"2025-03-05T08:49:21+00:00","twitter_card":"summary_large_image","twitter_misc":{"Gesch\u00e4tzte Lesezeit":"1\u00a0Minute"},"schema":{"@context":"https:\/\/schema.org","@graph":[{"@type":"WebPage","@id":"https:\/\/bikersdays.com\/de\/annulation\/","url":"https:\/\/bikersdays.com\/de\/annulation\/","name":"Stornierung - Bikers&#039; Days","isPartOf":{"@id":"https:\/\/bikersdays.com\/de\/#website"},"datePublished":"2020-11-05T08:01:07+00:00","dateModified":"2025-03-05T08:49:21+00:00","breadcrumb":{"@id":"https:\/\/bikersdays.com\/de\/annulation\/#breadcrumb"},"inLanguage":"de","potentialAction":[{"@type":"ReadAction","target":["https:\/\/bikersdays.com\/de\/annulation\/"]}]},{"@type":"BreadcrumbList","@id":"https:\/\/bikersdays.com\/de\/annulation\/#breadcrumb","itemListElement":[{"@type":"ListItem","position":1,"name":"Accueil","item":"https:\/\/bikersdays.com\/de\/"},{"@type":"ListItem","position":2,"name":"Stornierung"}]},{"@type":"WebSite","@id":"https:\/\/bikersdays.com\/de\/#website","url":"https:\/\/bikersdays.com\/de\/","name":"Bikers&#039; Days","description":"","potentialAction":[{"@type":"SearchAction","target":{"@type":"EntryPoint","urlTemplate":"https:\/\/bikersdays.com\/de\/?s={search_term_string}"},"query-input":{"@type":"PropertyValueSpecification","valueRequired":true,"valueName":"search_term_string"}}],"inLanguage":"de"}]}},"_links":{"self":[{"href":"https:\/\/bikersdays.com\/de\/wp-json\/wp\/v2\/pages\/556","targetHints":{"allow":["GET"]}}],"collection":[{"href":"https:\/\/bikersdays.com\/de\/wp-json\/wp\/v2\/pages"}],"about":[{"href":"https:\/\/bikersdays.com\/de\/wp-json\/wp\/v2\/types\/page"}],"author":[{"embeddable":true,"href":"https:\/\/bikersdays.com\/de\/wp-json\/wp\/v2\/users\/2"}],"replies":[{"embeddable":true,"href":"https:\/\/bikersdays.com\/de\/wp-json\/wp\/v2\/comments?post=556"}],"version-history":[{"count":1,"href":"https:\/\/bikersdays.com\/de\/wp-json\/wp\/v2\/pages\/556\/revisions"}],"predecessor-version":[{"id":13977,"href":"https:\/\/bikersdays.com\/de\/wp-json\/wp\/v2\/pages\/556\/revisions\/13977"}],"wp:attachment":[{"href":"https:\/\/bikersdays.com\/de\/wp-json\/wp\/v2\/media?parent=556"}],"curies":[{"name":"wp","href":"https:\/\/api.w.org\/{rel}","templated":true}]}}