{"id":559,"date":"2020-11-04T16:32:51","date_gmt":"2020-11-04T15:32:51","guid":{"rendered":"https:\/\/www.dgsportnewwebseite.eu\/bikersdays\/accueil\/"},"modified":"2026-01-21T09:11:24","modified_gmt":"2026-01-21T08:11:24","slug":"accueil","status":"publish","type":"page","link":"https:\/\/bikersdays.com\/de\/","title":{"rendered":"Home"},"content":{"rendered":"","protected":false},"excerpt":{"rendered":"","protected":false},"author":2,"featured_media":0,"parent":0,"menu_order":0,"comment_status":"closed","ping_status":"closed","template":"","meta":{"_acf_changed":false,"footnotes":""},"class_list":["post-559","page","type-page","status-publish","hentry"],"acf":{"header_type":"showreel","slider":[{"ID":65,"id":65,"title":"Layer 606","filename":"Layer-606.jpg","filesize":131324,"url":"https:\/\/bikersdays.com\/wp-content\/uploads\/sites\/6\/Layer-606.jpg","link":"https:\/\/bikersdays.com\/de\/accueil\/layer-606-2\/","alt":"","author":"1","description":"","caption":"","name":"layer-606-2","status":"inherit","uploaded_to":559,"date":"2020-11-05 08:20:35","modified":"2020-11-05 08:20:50","menu_order":0,"mime_type":"image\/jpeg","type":"image","subtype":"jpeg","icon":"https:\/\/bikersdays.com\/wp-includes\/images\/media\/default.png","width":1792,"height":850,"sizes":{"thumbnail":"https:\/\/bikersdays.com\/wp-content\/uploads\/sites\/6\/Layer-606-150x150.jpg","thumbnail-width":150,"thumbnail-height":150,"medium":"https:\/\/bikersdays.com\/wp-content\/uploads\/sites\/6\/Layer-606-300x142.jpg","medium-width":300,"medium-height":142,"large":"https:\/\/bikersdays.com\/wp-content\/uploads\/sites\/6\/Layer-606-1024x486.jpg","large-width":1024,"large-height":486}},{"ID":69,"id":69,"title":"Layer 604","filename":"Layer-604.jpg","filesize":82893,"url":"https:\/\/bikersdays.com\/wp-content\/uploads\/sites\/6\/Layer-604.jpg","link":"https:\/\/bikersdays.com\/de\/accueil\/layer-604-2\/","alt":"","author":"1","description":"","caption":"","name":"layer-604-2","status":"inherit","uploaded_to":559,"date":"2020-11-05 08:22:22","modified":"2020-11-05 08:22:26","menu_order":0,"mime_type":"image\/jpeg","type":"image","subtype":"jpeg","icon":"https:\/\/bikersdays.com\/wp-includes\/images\/media\/default.png","width":1449,"height":671,"sizes":{"thumbnail":"https:\/\/bikersdays.com\/wp-content\/uploads\/sites\/6\/Layer-604-150x150.jpg","thumbnail-width":150,"thumbnail-height":150,"medium":"https:\/\/bikersdays.com\/wp-content\/uploads\/sites\/6\/Layer-604-300x139.jpg","medium-width":300,"medium-height":139,"large":"https:\/\/bikersdays.com\/wp-content\/uploads\/sites\/6\/Layer-604-1024x474.jpg","large-width":1024,"large-height":474}}],"after_movie_active":false,"home_menuTeasers":[],"video":{"ID":19288,"id":19288,"title":"Video Site_v1HD (1)","filename":"Video-Site_v1HD-1.mp4","filesize":14619445,"url":"https:\/\/bikersdays.com\/wp-content\/uploads\/sites\/6\/Video-Site_v1HD-1.mp4","link":"https:\/\/bikersdays.com\/de\/accueil\/video-site_v1hd-1-2\/","alt":"","author":"2","description":"","caption":"","name":"video-site_v1hd-1-2","status":"inherit","uploaded_to":559,"date":"2026-01-21 08:09:58","modified":"2026-01-21 08:09:58","menu_order":0,"mime_type":"video\/mp4","type":"video","subtype":"mp4","icon":"https:\/\/bikersdays.com\/wp-includes\/images\/media\/video.png","width":1920,"height":1080},"start_intro_title":"","start_intro":"<p>Ein Vierteljahrhundert ist vergangen! Als DG Sport Ende der 90er Jahre das Konzept der Bikers&#8217;Days entwickelte, das allen Motorradfahrern die M\u00f6glichkeit bot, an geselligen Tagen auf den sch\u00f6nsten Rennstrecken Europas zu fahren, traf er damit genau ins Schwarze! Dank seiner Erfahrung bietet das Unternehmen aus Theux jedes Jahr ein beeindruckendes Programm an, das nat\u00fcrlich durch Spa-Francorchamps und Mettet f\u00fchrt, aber auch durch unz\u00e4hlige MotoGP-Rennstrecken wie Aragon, Portimao, Mugello, Le Mans, Barcelona, Assen oder Valencia! Das sind 22 verschiedene Veranstaltungen, die insgesamt fast 40 Tage voll Gas ergeben! Indem die Teilnehmer je nach Erfahrung und Leistung in verschiedene Gruppen eingeteilt werden, erm\u00f6glichen es die Bikers&#8217;Days jedem, unter den besten Sicherheitsbedingungen ein Maximum an Spa\u00df zu haben! Da die Geschwindigkeit auf der Stra\u00dfe der Vergangenheit angeh\u00f6rt, gibt es nichts Besseres, als sich auf der Rennstrecke auszutoben!<\/p>\n"},"yoast_head":"<!-- This site is optimized with the Yoast SEO plugin v27.3 - https:\/\/yoast.com\/product\/yoast-seo-wordpress\/ -->\n<title>Home - Bikers&#039; Days<\/title>\n<meta name=\"robots\" content=\"index, follow, max-snippet:-1, max-image-preview:large, max-video-preview:-1\" \/>\n<link rel=\"canonical\" href=\"https:\/\/bikersdays.com\/de\/\" \/>\n<meta property=\"og:locale\" content=\"de_DE\" \/>\n<meta property=\"og:type\" content=\"article\" \/>\n<meta property=\"og:title\" content=\"Home - Bikers&#039; Days\" \/>\n<meta property=\"og:url\" content=\"https:\/\/bikersdays.com\/de\/\" \/>\n<meta property=\"og:site_name\" content=\"Bikers&#039; Days\" \/>\n<meta property=\"article:modified_time\" content=\"2026-01-21T08:11:24+00:00\" \/>\n<meta name=\"twitter:card\" content=\"summary_large_image\" \/>\n<script type=\"application\/ld+json\" class=\"yoast-schema-graph\">{\"@context\":\"https:\\\/\\\/schema.org\",\"@graph\":[{\"@type\":\"WebPage\",\"@id\":\"https:\\\/\\\/bikersdays.com\\\/de\\\/\",\"url\":\"https:\\\/\\\/bikersdays.com\\\/de\\\/\",\"name\":\"Home - Bikers&#039; Days\",\"isPartOf\":{\"@id\":\"https:\\\/\\\/bikersdays.com\\\/de\\\/#website\"},\"datePublished\":\"2020-11-04T15:32:51+00:00\",\"dateModified\":\"2026-01-21T08:11:24+00:00\",\"breadcrumb\":{\"@id\":\"https:\\\/\\\/bikersdays.com\\\/de\\\/#breadcrumb\"},\"inLanguage\":\"de\",\"potentialAction\":[{\"@type\":\"ReadAction\",\"target\":[\"https:\\\/\\\/bikersdays.com\\\/de\\\/\"]}]},{\"@type\":\"BreadcrumbList\",\"@id\":\"https:\\\/\\\/bikersdays.com\\\/de\\\/#breadcrumb\",\"itemListElement\":[{\"@type\":\"ListItem\",\"position\":1,\"name\":\"Accueil\",\"item\":\"https:\\\/\\\/bikersdays.com\\\/de\\\/\"},{\"@type\":\"ListItem\",\"position\":2,\"name\":\"Home\"}]},{\"@type\":\"WebSite\",\"@id\":\"https:\\\/\\\/bikersdays.com\\\/de\\\/#website\",\"url\":\"https:\\\/\\\/bikersdays.com\\\/de\\\/\",\"name\":\"Bikers&#039; Days\",\"description\":\"\",\"potentialAction\":[{\"@type\":\"SearchAction\",\"target\":{\"@type\":\"EntryPoint\",\"urlTemplate\":\"https:\\\/\\\/bikersdays.com\\\/de\\\/?s={search_term_string}\"},\"query-input\":{\"@type\":\"PropertyValueSpecification\",\"valueRequired\":true,\"valueName\":\"search_term_string\"}}],\"inLanguage\":\"de\"}]}<\/script>\n<!-- \/ Yoast SEO plugin. -->","yoast_head_json":{"title":"Home - Bikers&#039; Days","robots":{"index":"index","follow":"follow","max-snippet":"max-snippet:-1","max-image-preview":"max-image-preview:large","max-video-preview":"max-video-preview:-1"},"canonical":"https:\/\/bikersdays.com\/de\/","og_locale":"de_DE","og_type":"article","og_title":"Home - Bikers&#039; Days","og_url":"https:\/\/bikersdays.com\/de\/","og_site_name":"Bikers&#039; Days","article_modified_time":"2026-01-21T08:11:24+00:00","twitter_card":"summary_large_image","schema":{"@context":"https:\/\/schema.org","@graph":[{"@type":"WebPage","@id":"https:\/\/bikersdays.com\/de\/","url":"https:\/\/bikersdays.com\/de\/","name":"Home - Bikers&#039; Days","isPartOf":{"@id":"https:\/\/bikersdays.com\/de\/#website"},"datePublished":"2020-11-04T15:32:51+00:00","dateModified":"2026-01-21T08:11:24+00:00","breadcrumb":{"@id":"https:\/\/bikersdays.com\/de\/#breadcrumb"},"inLanguage":"de","potentialAction":[{"@type":"ReadAction","target":["https:\/\/bikersdays.com\/de\/"]}]},{"@type":"BreadcrumbList","@id":"https:\/\/bikersdays.com\/de\/#breadcrumb","itemListElement":[{"@type":"ListItem","position":1,"name":"Accueil","item":"https:\/\/bikersdays.com\/de\/"},{"@type":"ListItem","position":2,"name":"Home"}]},{"@type":"WebSite","@id":"https:\/\/bikersdays.com\/de\/#website","url":"https:\/\/bikersdays.com\/de\/","name":"Bikers&#039; Days","description":"","potentialAction":[{"@type":"SearchAction","target":{"@type":"EntryPoint","urlTemplate":"https:\/\/bikersdays.com\/de\/?s={search_term_string}"},"query-input":{"@type":"PropertyValueSpecification","valueRequired":true,"valueName":"search_term_string"}}],"inLanguage":"de"}]}},"_links":{"self":[{"href":"https:\/\/bikersdays.com\/de\/wp-json\/wp\/v2\/pages\/559","targetHints":{"allow":["GET"]}}],"collection":[{"href":"https:\/\/bikersdays.com\/de\/wp-json\/wp\/v2\/pages"}],"about":[{"href":"https:\/\/bikersdays.com\/de\/wp-json\/wp\/v2\/types\/page"}],"author":[{"embeddable":true,"href":"https:\/\/bikersdays.com\/de\/wp-json\/wp\/v2\/users\/2"}],"replies":[{"embeddable":true,"href":"https:\/\/bikersdays.com\/de\/wp-json\/wp\/v2\/comments?post=559"}],"version-history":[{"count":2,"href":"https:\/\/bikersdays.com\/de\/wp-json\/wp\/v2\/pages\/559\/revisions"}],"predecessor-version":[{"id":19292,"href":"https:\/\/bikersdays.com\/de\/wp-json\/wp\/v2\/pages\/559\/revisions\/19292"}],"wp:attachment":[{"href":"https:\/\/bikersdays.com\/de\/wp-json\/wp\/v2\/media?parent=559"}],"curies":[{"name":"wp","href":"https:\/\/api.w.org\/{rel}","templated":true}]}}