{"id":6012,"date":"2022-11-09T11:15:03","date_gmt":"2022-11-09T10:15:03","guid":{"rendered":"https:\/\/bikersdays.com\/?page_id=6012"},"modified":"2023-10-23T16:32:42","modified_gmt":"2023-10-23T14:32:42","slug":"new-sportity","status":"publish","type":"page","link":"https:\/\/bikersdays.com\/de\/new-sportity\/","title":{"rendered":"Sportity"},"content":{"rendered":"\n<p>Die Bikers&#8217;Days machen alle &#8222;Nach Bestellungs&#8220;-Kommunikationen \u00fcber einen einzigen Kanal: <mark style=\"background-color:#ffffff\" class=\"has-inline-color has-vivid-purple-color\">SPORTITY<\/mark><\/p>\n\n\n\n<p>Sportity ist eine einfache und effiziente App, auf der Sie jederzeit alle Dokumente finden k\u00f6nnen, die f\u00fcr den reibungslosen Ablauf Ihres Events n\u00fctzlich sind <em>(Timing, Bestellschein, praktische Informationen, \u00c4nderungen in letzter Minute&#8230;).<\/em><\/p>\n\n\n\n<p><strong><mark style=\"background-color:#ffffff\" class=\"has-inline-color has-vivid-purple-color\">Wie wird Sportity verwendet ?<\/mark><\/strong><\/p>\n\n\n\n<ol class=\"wp-block-list\">\n<li>Laden Sie die <mark style=\"background-color:#ffffff\" class=\"has-inline-color has-vivid-purple-color\">Sportity<\/mark>-App \u00fcber <strong>App Store<\/strong> (Apple) oder <strong>Play Store<\/strong> (Android) auf Ihrem Smartphone herunter.&nbsp; <\/li>\n\n\n\n<li>Wenn Sie die App \u00f6ffnen, schreiben Sie den Code, den Sie in Ihrer E-Mail mit der Zahlungsbest\u00e4tigung erhalten haben, in das passende Feld <em><strong>&#8222;Event Password&#8220;<\/strong><\/em>.<\/li>\n<\/ol>\n\n\n<div class=\"wp-block-image\">\n<figure class=\"aligncenter size-large is-resized\"><img decoding=\"async\" src=\"https:\/\/bikersdays.com\/wp-content\/uploads\/sites\/6\/IMG_0915-Modifie-541x1024.png\" alt=\"\" class=\"wp-image-5505\" style=\"width:173px;height:328px\" width=\"173\" height=\"328\" srcset=\"https:\/\/bikersdays.com\/wp-content\/uploads\/sites\/6\/IMG_0915-Modifie-541x1024.png 541w, https:\/\/bikersdays.com\/wp-content\/uploads\/sites\/6\/IMG_0915-Modifie-158x300.png 158w, https:\/\/bikersdays.com\/wp-content\/uploads\/sites\/6\/IMG_0915-Modifie.png 739w\" sizes=\"(max-width: 173px) 100vw, 173px\" \/><figcaption class=\"wp-element-caption\">Beispiel des Codes&nbsp;:&nbsp;BD23MI<\/figcaption><\/figure><\/div>\n\n\n<p>    3. Anschlie\u00dfend finden Sie alle Dokumente, die sich auf Ihr Event beziehen, in den verschiedenen Registerkarten wieder, wie im folgenden Beispiel.<\/p>\n\n\n<div class=\"wp-block-image\">\n<figure class=\"aligncenter size-large is-resized\"><img decoding=\"async\" src=\"https:\/\/bikersdays.com\/wp-content\/uploads\/sites\/6\/IMG_1389-579x1024.jpg\" alt=\"\" class=\"wp-image-6019\" style=\"width:179px;height:317px\" width=\"179\" height=\"317\" srcset=\"https:\/\/bikersdays.com\/wp-content\/uploads\/sites\/6\/IMG_1389-579x1024.jpg 579w, https:\/\/bikersdays.com\/wp-content\/uploads\/sites\/6\/IMG_1389-170x300.jpg 170w, https:\/\/bikersdays.com\/wp-content\/uploads\/sites\/6\/IMG_1389.jpg 828w\" sizes=\"(max-width: 179px) 100vw, 179px\" \/><\/figure><\/div>\n\n\n<h2 class=\"wp-block-heading\"><strong><mark style=\"background-color:#ffffff\" class=\"has-inline-color has-vivid-purple-color\">WICHTIG <\/mark><\/strong><\/h2>\n\n\n\n<p>Vergessen Sie nicht, die <mark style=\"background-color:#ffffff\" class=\"has-inline-color has-vivid-purple-color\">Sportity<\/mark>-Meldungen auf Ihrem Smartphone zu aktivieren, so bleiben Sie auf dem Laufenden, sobald ein neues Dokument oder eine neue Nachricht vom Organisator ver\u00f6ffentlicht wird <em>(praktische Informationen 10 bis 15 Tage vor der Veranstaltung, eine Zeitumstellung, eine wichtige Mitteilung w\u00e4hrend des Events&#8230;).<\/em><\/p>\n\n\n\n<p>Wenn Sie die eine oder andere Frage zur Nutzung von <mark style=\"background-color:#ffffff\" class=\"has-inline-color has-vivid-purple-color\">Sportity<\/mark> haben, k\u00f6nnen Sie uns gerne per E-Mail unter <strong>info@bikersdays.com<\/strong> oder telefonisch unter <strong>+32(0)87 53 90 04 <\/strong>kontaktieren.<\/p>\n\n\n\n<p><\/p>\n","protected":false},"excerpt":{"rendered":"<p>Die Bikers&#8217;Days machen alle &#8222;Nach Bestellungs&#8220;-Kommunikationen \u00fcber einen einzigen Kanal: SPORTITY Sportity ist eine einfache und effiziente App, auf der [&hellip;]<\/p>\n","protected":false},"author":2,"featured_media":0,"parent":0,"menu_order":0,"comment_status":"closed","ping_status":"closed","template":"","meta":{"_acf_changed":false,"footnotes":""},"class_list":["post-6012","page","type-page","status-publish","hentry"],"acf":{"vhrs":false},"yoast_head":"<!-- This site is optimized with the Yoast SEO plugin v27.4 - https:\/\/yoast.com\/product\/yoast-seo-wordpress\/ -->\n<title>Sportity - Bikers&#039; Days<\/title>\n<meta name=\"robots\" content=\"index, follow, max-snippet:-1, max-image-preview:large, max-video-preview:-1\" \/>\n<link rel=\"canonical\" href=\"https:\/\/bikersdays.com\/de\/new-sportity\/\" \/>\n<meta property=\"og:locale\" content=\"de_DE\" \/>\n<meta property=\"og:type\" content=\"article\" \/>\n<meta property=\"og:title\" content=\"Sportity - Bikers&#039; Days\" \/>\n<meta property=\"og:description\" content=\"Die Bikers&#8217;Days machen alle &#8222;Nach Bestellungs&#8220;-Kommunikationen \u00fcber einen einzigen Kanal: SPORTITY Sportity ist eine einfache und effiziente App, auf der [&hellip;]\" \/>\n<meta property=\"og:url\" content=\"https:\/\/bikersdays.com\/de\/new-sportity\/\" \/>\n<meta property=\"og:site_name\" content=\"Bikers&#039; Days\" \/>\n<meta property=\"article:modified_time\" content=\"2023-10-23T14:32:42+00:00\" \/>\n<meta property=\"og:image\" content=\"https:\/\/bikersdays.com\/wp-content\/uploads\/sites\/6\/IMG_0915-Modifie-541x1024.png\" \/>\n<meta name=\"twitter:card\" content=\"summary_large_image\" \/>\n<meta name=\"twitter:label1\" content=\"Gesch\u00e4tzte Lesezeit\" \/>\n\t<meta name=\"twitter:data1\" content=\"2\u00a0Minuten\" \/>\n<script type=\"application\/ld+json\" class=\"yoast-schema-graph\">{\"@context\":\"https:\\\/\\\/schema.org\",\"@graph\":[{\"@type\":\"WebPage\",\"@id\":\"https:\\\/\\\/bikersdays.com\\\/de\\\/new-sportity\\\/\",\"url\":\"https:\\\/\\\/bikersdays.com\\\/de\\\/new-sportity\\\/\",\"name\":\"Sportity - Bikers&#039; Days\",\"isPartOf\":{\"@id\":\"https:\\\/\\\/bikersdays.com\\\/de\\\/#website\"},\"primaryImageOfPage\":{\"@id\":\"https:\\\/\\\/bikersdays.com\\\/de\\\/new-sportity\\\/#primaryimage\"},\"image\":{\"@id\":\"https:\\\/\\\/bikersdays.com\\\/de\\\/new-sportity\\\/#primaryimage\"},\"thumbnailUrl\":\"https:\\\/\\\/bikersdays.com\\\/wp-content\\\/uploads\\\/sites\\\/6\\\/IMG_0915-Modifie-541x1024.png\",\"datePublished\":\"2022-11-09T10:15:03+00:00\",\"dateModified\":\"2023-10-23T14:32:42+00:00\",\"breadcrumb\":{\"@id\":\"https:\\\/\\\/bikersdays.com\\\/de\\\/new-sportity\\\/#breadcrumb\"},\"inLanguage\":\"de\",\"potentialAction\":[{\"@type\":\"ReadAction\",\"target\":[\"https:\\\/\\\/bikersdays.com\\\/de\\\/new-sportity\\\/\"]}]},{\"@type\":\"ImageObject\",\"inLanguage\":\"de\",\"@id\":\"https:\\\/\\\/bikersdays.com\\\/de\\\/new-sportity\\\/#primaryimage\",\"url\":\"https:\\\/\\\/bikersdays.com\\\/wp-content\\\/uploads\\\/sites\\\/6\\\/IMG_0915-Modifie-541x1024.png\",\"contentUrl\":\"https:\\\/\\\/bikersdays.com\\\/wp-content\\\/uploads\\\/sites\\\/6\\\/IMG_0915-Modifie-541x1024.png\"},{\"@type\":\"BreadcrumbList\",\"@id\":\"https:\\\/\\\/bikersdays.com\\\/de\\\/new-sportity\\\/#breadcrumb\",\"itemListElement\":[{\"@type\":\"ListItem\",\"position\":1,\"name\":\"Accueil\",\"item\":\"https:\\\/\\\/bikersdays.com\\\/de\\\/\"},{\"@type\":\"ListItem\",\"position\":2,\"name\":\"Sportity\"}]},{\"@type\":\"WebSite\",\"@id\":\"https:\\\/\\\/bikersdays.com\\\/de\\\/#website\",\"url\":\"https:\\\/\\\/bikersdays.com\\\/de\\\/\",\"name\":\"Bikers&#039; Days\",\"description\":\"\",\"potentialAction\":[{\"@type\":\"SearchAction\",\"target\":{\"@type\":\"EntryPoint\",\"urlTemplate\":\"https:\\\/\\\/bikersdays.com\\\/de\\\/?s={search_term_string}\"},\"query-input\":{\"@type\":\"PropertyValueSpecification\",\"valueRequired\":true,\"valueName\":\"search_term_string\"}}],\"inLanguage\":\"de\"}]}<\/script>\n<!-- \/ Yoast SEO plugin. -->","yoast_head_json":{"title":"Sportity - Bikers&#039; Days","robots":{"index":"index","follow":"follow","max-snippet":"max-snippet:-1","max-image-preview":"max-image-preview:large","max-video-preview":"max-video-preview:-1"},"canonical":"https:\/\/bikersdays.com\/de\/new-sportity\/","og_locale":"de_DE","og_type":"article","og_title":"Sportity - Bikers&#039; Days","og_description":"Die Bikers&#8217;Days machen alle &#8222;Nach Bestellungs&#8220;-Kommunikationen \u00fcber einen einzigen Kanal: SPORTITY Sportity ist eine einfache und effiziente App, auf der [&hellip;]","og_url":"https:\/\/bikersdays.com\/de\/new-sportity\/","og_site_name":"Bikers&#039; Days","article_modified_time":"2023-10-23T14:32:42+00:00","og_image":[{"url":"https:\/\/bikersdays.com\/wp-content\/uploads\/sites\/6\/IMG_0915-Modifie-541x1024.png","type":"","width":"","height":""}],"twitter_card":"summary_large_image","twitter_misc":{"Gesch\u00e4tzte Lesezeit":"2\u00a0Minuten"},"schema":{"@context":"https:\/\/schema.org","@graph":[{"@type":"WebPage","@id":"https:\/\/bikersdays.com\/de\/new-sportity\/","url":"https:\/\/bikersdays.com\/de\/new-sportity\/","name":"Sportity - Bikers&#039; Days","isPartOf":{"@id":"https:\/\/bikersdays.com\/de\/#website"},"primaryImageOfPage":{"@id":"https:\/\/bikersdays.com\/de\/new-sportity\/#primaryimage"},"image":{"@id":"https:\/\/bikersdays.com\/de\/new-sportity\/#primaryimage"},"thumbnailUrl":"https:\/\/bikersdays.com\/wp-content\/uploads\/sites\/6\/IMG_0915-Modifie-541x1024.png","datePublished":"2022-11-09T10:15:03+00:00","dateModified":"2023-10-23T14:32:42+00:00","breadcrumb":{"@id":"https:\/\/bikersdays.com\/de\/new-sportity\/#breadcrumb"},"inLanguage":"de","potentialAction":[{"@type":"ReadAction","target":["https:\/\/bikersdays.com\/de\/new-sportity\/"]}]},{"@type":"ImageObject","inLanguage":"de","@id":"https:\/\/bikersdays.com\/de\/new-sportity\/#primaryimage","url":"https:\/\/bikersdays.com\/wp-content\/uploads\/sites\/6\/IMG_0915-Modifie-541x1024.png","contentUrl":"https:\/\/bikersdays.com\/wp-content\/uploads\/sites\/6\/IMG_0915-Modifie-541x1024.png"},{"@type":"BreadcrumbList","@id":"https:\/\/bikersdays.com\/de\/new-sportity\/#breadcrumb","itemListElement":[{"@type":"ListItem","position":1,"name":"Accueil","item":"https:\/\/bikersdays.com\/de\/"},{"@type":"ListItem","position":2,"name":"Sportity"}]},{"@type":"WebSite","@id":"https:\/\/bikersdays.com\/de\/#website","url":"https:\/\/bikersdays.com\/de\/","name":"Bikers&#039; Days","description":"","potentialAction":[{"@type":"SearchAction","target":{"@type":"EntryPoint","urlTemplate":"https:\/\/bikersdays.com\/de\/?s={search_term_string}"},"query-input":{"@type":"PropertyValueSpecification","valueRequired":true,"valueName":"search_term_string"}}],"inLanguage":"de"}]}},"_links":{"self":[{"href":"https:\/\/bikersdays.com\/de\/wp-json\/wp\/v2\/pages\/6012","targetHints":{"allow":["GET"]}}],"collection":[{"href":"https:\/\/bikersdays.com\/de\/wp-json\/wp\/v2\/pages"}],"about":[{"href":"https:\/\/bikersdays.com\/de\/wp-json\/wp\/v2\/types\/page"}],"author":[{"embeddable":true,"href":"https:\/\/bikersdays.com\/de\/wp-json\/wp\/v2\/users\/2"}],"replies":[{"embeddable":true,"href":"https:\/\/bikersdays.com\/de\/wp-json\/wp\/v2\/comments?post=6012"}],"version-history":[{"count":0,"href":"https:\/\/bikersdays.com\/de\/wp-json\/wp\/v2\/pages\/6012\/revisions"}],"wp:attachment":[{"href":"https:\/\/bikersdays.com\/de\/wp-json\/wp\/v2\/media?parent=6012"}],"curies":[{"name":"wp","href":"https:\/\/api.w.org\/{rel}","templated":true}]}}