{"id":13619,"date":"2025-01-14T16:50:05","date_gmt":"2025-01-14T15:50:05","guid":{"rendered":"https:\/\/bikersdays.com\/coachings\/"},"modified":"2026-04-14T12:30:48","modified_gmt":"2026-04-14T10:30:48","slug":"coachings","status":"publish","type":"page","link":"https:\/\/bikersdays.com\/nl\/coachings\/","title":{"rendered":"Coachings"},"content":{"rendered":"\n<p class=\"has-text-align-center has-black-color has-text-color has-link-color wp-elements-8e7e95ca45953f09592d4dc8e1d9d343\" style=\"font-size:24px\"><strong>BIKERS&#8217;SCHOOL 2026<\/strong><\/p>\n\n\n\n<div class=\"wp-block-media-text has-media-on-the-right is-stacked-on-mobile\" style=\"grid-template-columns:auto 37%\"><div class=\"wp-block-media-text__content\">\n<p>Wil je een stap vooruit zetten, meer vertrouwen krijgen en je volledige potentieel op het circuit benutten? De Bikers\u2019School biedt gepersonaliseerde coachingsessies aan, begeleid door ervaren en gepassioneerde coaches. Dankzij hun expertise en scherpe blik boek je snel vooruitgang, ongeacht je niveau.<\/p>\n\n\n\n<p>Op het mythische circuit van Spa geniet je van begeleiding van topkwaliteit, met gerichte tips, constructieve debriefings en een persoonlijke opvolging om je lijnen, techniek en tempo te verbeteren.<\/p>\n\n\n\n<p>Voor een nog uitzonderlijkere ervaring rijden de coaches op performante Yamaha-motoren \u2013 R9, R1, R6 \u2013 die perfect de combinatie van precisie, kracht en rijplezier belichamen.<\/p>\n<\/div><figure class=\"wp-block-media-text__media\"><img decoding=\"async\" width=\"1024\" height=\"354\" src=\"https:\/\/bikersdays.com\/wp-content\/uploads\/sites\/6\/2025_YAM_YamahaRYH_Logo_Red_BlackRYH_flat_JP_LSC_RGB-1024x354.jpg\" alt=\"\" class=\"wp-image-19916 size-full\" srcset=\"https:\/\/bikersdays.com\/wp-content\/uploads\/sites\/6\/2025_YAM_YamahaRYH_Logo_Red_BlackRYH_flat_JP_LSC_RGB-1024x354.jpg 1024w, https:\/\/bikersdays.com\/wp-content\/uploads\/sites\/6\/2025_YAM_YamahaRYH_Logo_Red_BlackRYH_flat_JP_LSC_RGB-300x104.jpg 300w, https:\/\/bikersdays.com\/wp-content\/uploads\/sites\/6\/2025_YAM_YamahaRYH_Logo_Red_BlackRYH_flat_JP_LSC_RGB.jpg 1042w\" sizes=\"(max-width: 1024px) 100vw, 1024px\" \/><\/figure><\/div>\n\n\n\n<p class=\"has-white-color has-text-color has-link-color has-medium-font-size wp-elements-afc3c2ebef592b73ca325c14d8bbd34d\">&#8212;&#8212;&#8211; <\/p>\n\n\n\n<p class=\"has-text-align-center has-black-color has-text-color has-link-color wp-elements-f9f42f90f61ba98799723d2436b12255\" style=\"font-size:24px\"><strong>SMART COACHING <\/strong><\/p>\n\n\n\n<p class=\"has-white-color has-text-color has-link-color has-medium-font-size wp-elements-afc3c2ebef592b73ca325c14d8bbd34d\">&#8212;&#8212;&#8211; <\/p>\n\n\n\n<div class=\"wp-block-media-text is-stacked-on-mobile is-image-fill-element\" style=\"grid-template-columns:40% auto\"><figure class=\"wp-block-media-text__media\"><img decoding=\"async\" width=\"1024\" height=\"576\" src=\"https:\/\/bikersdays.com\/wp-content\/uploads\/sites\/6\/2025_YAM_YZF1000R1GYTR_EU_DPBMC_DET_008_03-1024x576.jpg\" alt=\"\" class=\"wp-image-19928 size-full\" style=\"object-position:50% 50%\" srcset=\"https:\/\/bikersdays.com\/wp-content\/uploads\/sites\/6\/2025_YAM_YZF1000R1GYTR_EU_DPBMC_DET_008_03-1024x576.jpg 1024w, https:\/\/bikersdays.com\/wp-content\/uploads\/sites\/6\/2025_YAM_YZF1000R1GYTR_EU_DPBMC_DET_008_03-300x169.jpg 300w\" sizes=\"(max-width: 1024px) 100vw, 1024px\" \/><\/figure><div class=\"wp-block-media-text__content\">\n<p><strong><mark style=\"background-color:#ffffff\" class=\"has-inline-color has-black-color\">PROGRAMMA: <\/mark><\/strong><\/p>\n\n\n\n<ul class=\"wp-block-list\">\n<li class=\"has-vivid-red-color has-text-color has-link-color wp-elements-ff4c9f401a3be93bff31d9af42f7ff4e\">SMART COACHING = 2 BEGELEIDE SESSIES, WAARVAN 1 GEFILMD<\/li>\n\n\n\n<li>Videovisualisatie van het circuit met tips om de verschillende bochten aan te pakken (indien nodig)<\/li>\n\n\n\n<li>Eerste sessie<\/li>\n\n\n\n<li>Mondelinge debriefing met trajectadvies<\/li>\n\n\n\n<li>Tweede sessieVideodebriefing<\/li>\n<\/ul>\n\n\n\n<p>Er wordt \u00e9\u00e9n Smart Coaching-sessie georganiseerd in de voormiddag en \u00e9\u00e9n in de namiddag.<\/p>\n\n\n\n<p><strong><mark style=\"background-color:#ffffff\" class=\"has-inline-color has-black-color\">INSCHRIJVING:<\/mark> <em><a href=\"https:\/\/booking.dgsport.eu\/en\/15-bikers-days-spa\">KLIK HIER<\/a><\/em><\/strong><\/p>\n\n\n\n<p><strong><mark style=\"background-color:#ffffff\" class=\"has-inline-color has-black-color\">PRIJS:<\/mark><\/strong> 195\u20ac incl. BTW<\/p>\n<\/div><\/div>\n\n\n\n<p class=\"has-white-color has-text-color has-link-color has-medium-font-size wp-elements-afc3c2ebef592b73ca325c14d8bbd34d\">&#8212;&#8212;&#8211; <\/p>\n\n\n\n<figure class=\"wp-block-table\"><table class=\"has-fixed-layout\"><thead><tr><th class=\"has-text-align-center\" data-align=\"center\"><strong>SMART COACHING<\/strong><\/th><th class=\"has-text-align-center\" data-align=\"center\"><strong>TRACKDAY<\/strong>* <\/th><\/tr><\/thead><tbody><tr><td class=\"has-text-align-center\" data-align=\"center\">Vendredi 12\/06\/2026<\/td><td class=\"has-text-align-center\" data-align=\"center\">12-13\/06\/2026<\/td><\/tr><tr><td class=\"has-text-align-center\" data-align=\"center\">Samedi 13\/06\/2026<\/td><td class=\"has-text-align-center\" data-align=\"center\">12-13\/06\/2026<\/td><\/tr><tr><td class=\"has-text-align-center\" data-align=\"center\">Mardi 30\/06\/2026<\/td><td class=\"has-text-align-center\" data-align=\"center\">30\/06-01\/07\/2026<\/td><\/tr><tr><td class=\"has-text-align-center\" data-align=\"center\">Mercredi 01\/07\/2026<\/td><td class=\"has-text-align-center\" data-align=\"center\">30\/06-01\/07\/2026<\/td><\/tr><tr><td class=\"has-text-align-center\" data-align=\"center\">Vendredi 31\/07\/2026<\/td><td class=\"has-text-align-center\" data-align=\"center\">31\/07-01\/08\/2026<\/td><\/tr><tr><td class=\"has-text-align-center\" data-align=\"center\">Samedi 01\/08\/2026<\/td><td class=\"has-text-align-center\" data-align=\"center\">31\/07-01\/08\/2026<\/td><\/tr><tr><td class=\"has-text-align-center\" data-align=\"center\">Vendredi 11\/09\/2026<\/td><td class=\"has-text-align-center\" data-align=\"center\">11-12\/09\/2026<\/td><\/tr><\/tbody><\/table><figcaption class=\"wp-element-caption\"><span><mark class=\"has-inline-color has-vivid-red-color\"><b>*het is verplicht om ook ingeschreven te zijn voor de betreffende trackday om van de coaching te kunnen genieten.<\/b><\/mark><\/span><\/figcaption><\/figure>\n\n\n\n<p><\/p>\n\n\n\n<p class=\"has-white-color has-text-color has-link-color wp-elements-9d91c2c968956636e778a9b028709ee2\" style=\"font-size:46px\"><\/p>\n","protected":false},"excerpt":{"rendered":"<p>BIKERS&#8217;SCHOOL 2026 Wil je een stap vooruit zetten, meer vertrouwen krijgen en je volledige potentieel op het circuit benutten? De [&hellip;]<\/p>\n","protected":false},"author":2,"featured_media":13631,"parent":0,"menu_order":0,"comment_status":"closed","ping_status":"closed","template":"","meta":{"_acf_changed":false,"footnotes":""},"class_list":["post-13619","page","type-page","status-publish","has-post-thumbnail","hentry"],"acf":{"vhrs":false},"yoast_head":"<!-- This site is optimized with the Yoast SEO plugin v27.4 - https:\/\/yoast.com\/product\/yoast-seo-wordpress\/ -->\n<title>Coachings - Bikers&#039; Days<\/title>\n<meta name=\"robots\" content=\"index, follow, max-snippet:-1, max-image-preview:large, max-video-preview:-1\" \/>\n<link rel=\"canonical\" href=\"https:\/\/bikersdays.com\/nl\/coachings\/\" \/>\n<meta property=\"og:locale\" content=\"nl_NL\" \/>\n<meta property=\"og:type\" content=\"article\" \/>\n<meta property=\"og:title\" content=\"Coachings - Bikers&#039; Days\" \/>\n<meta property=\"og:description\" content=\"BIKERS&#8217;SCHOOL 2026 Wil je een stap vooruit zetten, meer vertrouwen krijgen en je volledige potentieel op het circuit benutten? De [&hellip;]\" \/>\n<meta property=\"og:url\" content=\"https:\/\/bikersdays.com\/nl\/coachings\/\" \/>\n<meta property=\"og:site_name\" content=\"Bikers&#039; Days\" \/>\n<meta property=\"article:modified_time\" content=\"2026-04-14T10:30:48+00:00\" \/>\n<meta property=\"og:image\" content=\"https:\/\/bikersdays.com\/wp-content\/uploads\/sites\/6\/909_6767_0-copia-1.jpg\" \/>\n\t<meta property=\"og:image:width\" content=\"1922\" \/>\n\t<meta property=\"og:image:height\" content=\"1281\" \/>\n\t<meta property=\"og:image:type\" content=\"image\/jpeg\" \/>\n<meta name=\"twitter:card\" content=\"summary_large_image\" \/>\n<meta name=\"twitter:label1\" content=\"Geschatte leestijd\" \/>\n\t<meta name=\"twitter:data1\" content=\"2 minuten\" \/>\n<script type=\"application\/ld+json\" class=\"yoast-schema-graph\">{\"@context\":\"https:\\\/\\\/schema.org\",\"@graph\":[{\"@type\":\"WebPage\",\"@id\":\"https:\\\/\\\/bikersdays.com\\\/nl\\\/coachings\\\/\",\"url\":\"https:\\\/\\\/bikersdays.com\\\/nl\\\/coachings\\\/\",\"name\":\"Coachings - Bikers&#039; Days\",\"isPartOf\":{\"@id\":\"https:\\\/\\\/bikersdays.com\\\/de\\\/#website\"},\"primaryImageOfPage\":{\"@id\":\"https:\\\/\\\/bikersdays.com\\\/nl\\\/coachings\\\/#primaryimage\"},\"image\":{\"@id\":\"https:\\\/\\\/bikersdays.com\\\/nl\\\/coachings\\\/#primaryimage\"},\"thumbnailUrl\":\"https:\\\/\\\/bikersdays.com\\\/wp-content\\\/uploads\\\/sites\\\/6\\\/909_6767_0-copia-1.jpg\",\"datePublished\":\"2025-01-14T15:50:05+00:00\",\"dateModified\":\"2026-04-14T10:30:48+00:00\",\"breadcrumb\":{\"@id\":\"https:\\\/\\\/bikersdays.com\\\/nl\\\/coachings\\\/#breadcrumb\"},\"inLanguage\":\"nl-NL\",\"potentialAction\":[{\"@type\":\"ReadAction\",\"target\":[\"https:\\\/\\\/bikersdays.com\\\/nl\\\/coachings\\\/\"]}]},{\"@type\":\"ImageObject\",\"inLanguage\":\"nl-NL\",\"@id\":\"https:\\\/\\\/bikersdays.com\\\/nl\\\/coachings\\\/#primaryimage\",\"url\":\"https:\\\/\\\/bikersdays.com\\\/wp-content\\\/uploads\\\/sites\\\/6\\\/909_6767_0-copia-1.jpg\",\"contentUrl\":\"https:\\\/\\\/bikersdays.com\\\/wp-content\\\/uploads\\\/sites\\\/6\\\/909_6767_0-copia-1.jpg\",\"width\":1922,\"height\":1281},{\"@type\":\"BreadcrumbList\",\"@id\":\"https:\\\/\\\/bikersdays.com\\\/nl\\\/coachings\\\/#breadcrumb\",\"itemListElement\":[{\"@type\":\"ListItem\",\"position\":1,\"name\":\"Accueil\",\"item\":\"https:\\\/\\\/bikersdays.com\\\/nl\\\/\"},{\"@type\":\"ListItem\",\"position\":2,\"name\":\"Coachings\"}]},{\"@type\":\"WebSite\",\"@id\":\"https:\\\/\\\/bikersdays.com\\\/de\\\/#website\",\"url\":\"https:\\\/\\\/bikersdays.com\\\/de\\\/\",\"name\":\"Bikers&#039; Days\",\"description\":\"\",\"potentialAction\":[{\"@type\":\"SearchAction\",\"target\":{\"@type\":\"EntryPoint\",\"urlTemplate\":\"https:\\\/\\\/bikersdays.com\\\/de\\\/?s={search_term_string}\"},\"query-input\":{\"@type\":\"PropertyValueSpecification\",\"valueRequired\":true,\"valueName\":\"search_term_string\"}}],\"inLanguage\":\"nl-NL\"}]}<\/script>\n<!-- \/ Yoast SEO plugin. -->","yoast_head_json":{"title":"Coachings - Bikers&#039; Days","robots":{"index":"index","follow":"follow","max-snippet":"max-snippet:-1","max-image-preview":"max-image-preview:large","max-video-preview":"max-video-preview:-1"},"canonical":"https:\/\/bikersdays.com\/nl\/coachings\/","og_locale":"nl_NL","og_type":"article","og_title":"Coachings - Bikers&#039; Days","og_description":"BIKERS&#8217;SCHOOL 2026 Wil je een stap vooruit zetten, meer vertrouwen krijgen en je volledige potentieel op het circuit benutten? De [&hellip;]","og_url":"https:\/\/bikersdays.com\/nl\/coachings\/","og_site_name":"Bikers&#039; Days","article_modified_time":"2026-04-14T10:30:48+00:00","og_image":[{"width":1922,"height":1281,"url":"https:\/\/bikersdays.com\/wp-content\/uploads\/sites\/6\/909_6767_0-copia-1.jpg","type":"image\/jpeg"}],"twitter_card":"summary_large_image","twitter_misc":{"Geschatte leestijd":"2 minuten"},"schema":{"@context":"https:\/\/schema.org","@graph":[{"@type":"WebPage","@id":"https:\/\/bikersdays.com\/nl\/coachings\/","url":"https:\/\/bikersdays.com\/nl\/coachings\/","name":"Coachings - Bikers&#039; Days","isPartOf":{"@id":"https:\/\/bikersdays.com\/de\/#website"},"primaryImageOfPage":{"@id":"https:\/\/bikersdays.com\/nl\/coachings\/#primaryimage"},"image":{"@id":"https:\/\/bikersdays.com\/nl\/coachings\/#primaryimage"},"thumbnailUrl":"https:\/\/bikersdays.com\/wp-content\/uploads\/sites\/6\/909_6767_0-copia-1.jpg","datePublished":"2025-01-14T15:50:05+00:00","dateModified":"2026-04-14T10:30:48+00:00","breadcrumb":{"@id":"https:\/\/bikersdays.com\/nl\/coachings\/#breadcrumb"},"inLanguage":"nl-NL","potentialAction":[{"@type":"ReadAction","target":["https:\/\/bikersdays.com\/nl\/coachings\/"]}]},{"@type":"ImageObject","inLanguage":"nl-NL","@id":"https:\/\/bikersdays.com\/nl\/coachings\/#primaryimage","url":"https:\/\/bikersdays.com\/wp-content\/uploads\/sites\/6\/909_6767_0-copia-1.jpg","contentUrl":"https:\/\/bikersdays.com\/wp-content\/uploads\/sites\/6\/909_6767_0-copia-1.jpg","width":1922,"height":1281},{"@type":"BreadcrumbList","@id":"https:\/\/bikersdays.com\/nl\/coachings\/#breadcrumb","itemListElement":[{"@type":"ListItem","position":1,"name":"Accueil","item":"https:\/\/bikersdays.com\/nl\/"},{"@type":"ListItem","position":2,"name":"Coachings"}]},{"@type":"WebSite","@id":"https:\/\/bikersdays.com\/de\/#website","url":"https:\/\/bikersdays.com\/de\/","name":"Bikers&#039; Days","description":"","potentialAction":[{"@type":"SearchAction","target":{"@type":"EntryPoint","urlTemplate":"https:\/\/bikersdays.com\/de\/?s={search_term_string}"},"query-input":{"@type":"PropertyValueSpecification","valueRequired":true,"valueName":"search_term_string"}}],"inLanguage":"nl-NL"}]}},"_links":{"self":[{"href":"https:\/\/bikersdays.com\/nl\/wp-json\/wp\/v2\/pages\/13619","targetHints":{"allow":["GET"]}}],"collection":[{"href":"https:\/\/bikersdays.com\/nl\/wp-json\/wp\/v2\/pages"}],"about":[{"href":"https:\/\/bikersdays.com\/nl\/wp-json\/wp\/v2\/types\/page"}],"author":[{"embeddable":true,"href":"https:\/\/bikersdays.com\/nl\/wp-json\/wp\/v2\/users\/2"}],"replies":[{"embeddable":true,"href":"https:\/\/bikersdays.com\/nl\/wp-json\/wp\/v2\/comments?post=13619"}],"version-history":[{"count":39,"href":"https:\/\/bikersdays.com\/nl\/wp-json\/wp\/v2\/pages\/13619\/revisions"}],"predecessor-version":[{"id":19941,"href":"https:\/\/bikersdays.com\/nl\/wp-json\/wp\/v2\/pages\/13619\/revisions\/19941"}],"wp:featuredmedia":[{"embeddable":true,"href":"https:\/\/bikersdays.com\/nl\/wp-json\/wp\/v2\/media\/13631"}],"wp:attachment":[{"href":"https:\/\/bikersdays.com\/nl\/wp-json\/wp\/v2\/media?parent=13619"}],"curies":[{"name":"wp","href":"https:\/\/api.w.org\/{rel}","templated":true}]}}